{"id":77,"date":"2018-01-28T14:21:27","date_gmt":"2018-01-28T13:21:27","guid":{"rendered":"http:\/\/cleverjagen.eu\/?page_id=77"},"modified":"2024-02-28T15:16:32","modified_gmt":"2024-02-28T14:16:32","slug":"puma","status":"publish","type":"page","link":"http:\/\/cleverjagen.eu\/?page_id=77","title":{"rendered":"Hundebedarf"},"content":{"rendered":"<p>[vc_row][vc_column][vc_column_text]F\u00fcr den vierbeinigen Freund bekommen Sie bei cleverjagen.eu Leinen, Halsb\u00e4nder und Geschirre z. B. aus Biothane.<br \/>\nLetztere k\u00f6nnen auf Ihren Wunsch von uns in den unterschiedlichsten Farben und Ma\u00dfen hergestellt werden.<br \/>\nZum Schutz unserer Jagdhelfer vermitteln wir aus langj\u00e4hriger Erfahrung und Zusammenarbeit Hundeschutzwesten von Mikkut.<br \/>\nZur Erleichterung des Auffindens w\u00e4hrend und nach der Jagd, aber auch bei der Nachsuche empfehlen wir Ortungsger\u00e4te von GARMIN oder TRACKER.<br \/>\nNach umfangreichen Test an unserer eigenen Meute und unserem Schwei\u00dfhund haben wir uns f\u00fcr die Trockenfutter der Firma AKAH entschieden.<br \/>\nDas AKAH NATURVITAL deckt den normalen, t\u00e4glichen Energiebedarf von jungen und alten Hunden.<\/p>\n<p>Mal wieder einfach cleverjagen![\/vc_column_text][\/vc_column][\/vc_row][vc_row][vc_column][vc_basic_grid post_type=&#8220;post&#8220; max_items=&#8220;4&#8243; element_width=&#8220;3&#8243; grid_id=&#8220;vc_gid:1522391263236-c5bdadbc7d74546a1e60b486a86fc2f5-0&#8243; taxonomies=&#8220;5&#8243;][\/vc_column][\/vc_row]<\/p>\n","protected":false},"excerpt":{"rendered":"<p>[vc_row][vc_column][vc_column_text]F\u00fcr den vierbeinigen Freund bekommen Sie bei cleverjagen.eu Leinen, Halsb\u00e4nder und Geschirre z. B. aus Biothane. Letztere k\u00f6nnen auf Ihren Wunsch von uns in den unterschiedlichsten Farben und Ma\u00dfen hergestellt werden. Zum Schutz unserer Jagdhelfer vermitteln wir aus langj\u00e4hriger Erfahrung und Zusammenarbeit Hundeschutzwesten von Mikkut. Zur Erleichterung des Auffindens w\u00e4hrend und nach der Jagd, aber [&hellip;]<\/p>\n","protected":false},"author":1,"featured_media":1283,"parent":0,"menu_order":0,"comment_status":"closed","ping_status":"closed","template":"","meta":{"footnotes":""},"categories":[1],"tags":[],"class_list":["post-77","page","type-page","status-publish","has-post-thumbnail","hentry","category-uncategorized"],"_links":{"self":[{"href":"http:\/\/cleverjagen.eu\/index.php?rest_route=\/wp\/v2\/pages\/77","targetHints":{"allow":["GET"]}}],"collection":[{"href":"http:\/\/cleverjagen.eu\/index.php?rest_route=\/wp\/v2\/pages"}],"about":[{"href":"http:\/\/cleverjagen.eu\/index.php?rest_route=\/wp\/v2\/types\/page"}],"author":[{"embeddable":true,"href":"http:\/\/cleverjagen.eu\/index.php?rest_route=\/wp\/v2\/users\/1"}],"replies":[{"embeddable":true,"href":"http:\/\/cleverjagen.eu\/index.php?rest_route=%2Fwp%2Fv2%2Fcomments&post=77"}],"version-history":[{"count":10,"href":"http:\/\/cleverjagen.eu\/index.php?rest_route=\/wp\/v2\/pages\/77\/revisions"}],"predecessor-version":[{"id":2188,"href":"http:\/\/cleverjagen.eu\/index.php?rest_route=\/wp\/v2\/pages\/77\/revisions\/2188"}],"wp:featuredmedia":[{"embeddable":true,"href":"http:\/\/cleverjagen.eu\/index.php?rest_route=\/wp\/v2\/media\/1283"}],"wp:attachment":[{"href":"http:\/\/cleverjagen.eu\/index.php?rest_route=%2Fwp%2Fv2%2Fmedia&parent=77"}],"wp:term":[{"taxonomy":"category","embeddable":true,"href":"http:\/\/cleverjagen.eu\/index.php?rest_route=%2Fwp%2Fv2%2Fcategories&post=77"},{"taxonomy":"post_tag","embeddable":true,"href":"http:\/\/cleverjagen.eu\/index.php?rest_route=%2Fwp%2Fv2%2Ftags&post=77"}],"curies":[{"name":"wp","href":"https:\/\/api.w.org\/{rel}","templated":true}]}}