{"id":7,"date":"2018-01-08T18:26:43","date_gmt":"2018-01-08T17:26:43","guid":{"rendered":"http:\/\/cleverjagen.eu\/?page_id=7"},"modified":"2025-11-20T06:53:18","modified_gmt":"2025-11-20T05:53:18","slug":"startseite","status":"publish","type":"page","link":"http:\/\/cleverjagen.eu\/","title":{"rendered":"\u00dcber uns:"},"content":{"rendered":"\n<div class=\"wp-block-group\"><div class=\"wp-block-group__inner-container is-layout-flow wp-block-group-is-layout-flow\">\n<h1 style=\"text-align: center;\"><span style=\"color: #008000;\"><strong>Herzlich willkommen bei Cleverjagen.eu.<\/strong><\/span><\/h1>\n<p style=\"text-align: center;\"><img loading=\"lazy\" decoding=\"async\" class=\"alignleft wp-image-2008 size-full\" src=\"http:\/\/cleverjagen.eu\/wp-content\/uploads\/2023\/04\/zielscheibe.jpg\" alt=\"\" width=\"380\" height=\"380\" srcset=\"http:\/\/cleverjagen.eu\/wp-content\/uploads\/2023\/04\/zielscheibe.jpg 380w, http:\/\/cleverjagen.eu\/wp-content\/uploads\/2023\/04\/zielscheibe-300x300.jpg 300w, http:\/\/cleverjagen.eu\/wp-content\/uploads\/2023\/04\/zielscheibe-150x150.jpg 150w\" sizes=\"auto, (max-width: 380px) 100vw, 380px\" \/><\/p>\n<p>Unser Laienseminar, ist auch f\u00fcr Frauen und M\u00e4nner gedacht die einen kleinen Waffenschein haben oder einen beantragen m\u00f6chten, sich aber mit der Handhabung einer Waffe nicht auskennen.\u00a0<\/p>\n<p><span style=\"color: #ff0000;\"><strong>ANMELDUNG UNBEDINGT ERFORDERLICH!!!!<\/strong><\/span><\/p>\n<p style=\"text-align: left;\"><span style=\"text-decoration: underline;\"><span style=\"color: #ff0000; text-decoration: underline;\">Termine f\u00fcr unsere Seminare:<\/span><\/span><\/p>\n<p style=\"text-align: left;\"><span style=\"text-decoration: underline;\"><span style=\"color: #ff0000; text-decoration: underline;\">Termine nur Training:<\/span><\/span>\u00a0 \u00a0 \u00a0 \u00a0 \u00a0 \u00a0 \u00a0 \u00a0 \u00a0 \u00a0 \u00a0 \u00a0 \u00a0\u00a0<\/p>\n<p style=\"text-align: left;\">(<strong>ohne vorheriges Seminar<\/strong>, <span style=\"text-decoration: underline;\">nur<\/span> buchbar wenn man vorher einmal ein KW Seminar von uns besucht hat oder nach vorheriger R\u00fccksprache.)<\/p>\n<hr \/><hr \/>\n<p style=\"padding-left: 200px;\"><span style=\"text-align: center;\">Hier finden Sie eine\u00a0 Auswahl unseres kleinen Ladenlokals:<\/span><\/p>\n<p style=\"text-align: center;\">Sie k\u00f6nnen uns auch gerne vorher telefonisch kontaktieren:<br \/><strong>02251-866763<\/strong> oder Mobil <strong>0151-12104815<\/strong><br \/>oder kommen Sie doch in unser Ladenlokal.<br \/>(Samstags von 10.00 &#8211; 14.00 Uhr und Mo. &#8211; Fr. nach Vereinbarung)<\/p>\n<p><span style=\"color: #ff0000;\">\u00a0 \u00a0 \u00a0 \u00a0 \u00a0 \u00a0 \u00a0 \u00a0 \u00a0 \u00a0 \u00a0 \u00a0 \u00a0 \u00a0 \u00a0 \u00a0 \u00a0 \u00a0 \u00a0 \u00a0 \u00a0 \u00a0 \u00a0 \u00a0 \u00a0 \u00a0 \u00a0 \u00a0 \u00a0 \u00a0 \u00a0 \u00a0 \u00a0 \u00a0 \u00a0 \u00a0 \u00a0 \u00a0 \u00a0 \u00a0 \u00a0 \u00a0 \u00a0 \u00a0 \u00a0<strong>In unserem Ladenlokal ist KEINE Kartenzahlung m\u00f6glich!<\/strong><\/span><\/p>\n<p style=\"text-align: center;\"><span style=\"color: #000000;\"><strong>Wir bitten um kurze telefonische Anmeldung.<\/strong><\/span><\/p>\n<p style=\"text-align: center;\">Wir, bei CleverJagen.eu, sind Ihr Fachgesch\u00e4ft f\u00fcr Waffen und Munition, W\u00e4rmebild- und Nachtsichttechnik, Optik, Hundebedarf und jagdliches Zubeh\u00f6r.<\/p>\n<p style=\"text-align: center;\">Nach unserer Devise:<br \/><strong><br \/>\u201evom Fach f\u00fcr das Fach, einfach clever jagen und es sollte auch bezahlbar sein&#8230;.!!!&#8220;<\/strong><\/p>\n<p style=\"text-align: center;\">f\u00fchren wir hochwertige Artikel wie Beispielsweise PULSAR, DD OPTICS, NOBLEX (vormals Docter), AKAH, NIGGELOH, GARMIN, PSS Schutzkleidung, BALLISTOL und vielen weiteren namhaften Herstellern zum Verkauf unter fachlicher Beratung.<br \/>Viele Produkte wurden von uns oder befreundeten J\u00e4gern und Hundef\u00fchrern im harten, jagdlichem Einsatz getestet .<\/p>\n<p style=\"text-align: center;\">Bitte haben Sie Verst\u00e4ndnis daf\u00fcr, das wir nur eine begrenzte Auswahl an Artikeln bevorraten, es ist und aber m\u00f6glich, nicht lagerm\u00e4\u00dfig gef\u00fchrte Ware innerhalb weniger Tage beschaffen zu k\u00f6nnen. Diese wird Ihnen auf Wunsch nach Hause geliefert.<\/p>\n<p style=\"text-align: center;\">Waidmannsheil w\u00fcnscht Udo Marklewitz<\/p>\n<div style=\"width: 720px;\" class=\"wp-video\"><!--[if lt IE 9]><script>document.createElement('video');<\/script><![endif]-->\n<video class=\"wp-video-shortcode\" id=\"video-7-1\" width=\"720\" height=\"720\" preload=\"metadata\" controls=\"controls\"><source type=\"video\/mp4\" src=\"http:\/\/cleverjagen.eu\/wp-content\/uploads\/2025\/03\/fotoslider_20250313142230.mp4?_=1\" \/><a href=\"http:\/\/cleverjagen.eu\/wp-content\/uploads\/2025\/03\/fotoslider_20250313142230.mp4\">http:\/\/cleverjagen.eu\/wp-content\/uploads\/2025\/03\/fotoslider_20250313142230.mp4<\/a><\/video><\/div>\n<\/div><\/div>\n\n\n\n<p><\/p>\n","protected":false},"excerpt":{"rendered":"<p>Herzlich willkommen bei Cleverjagen.eu. Unser Laienseminar, ist auch f\u00fcr Frauen und M\u00e4nner gedacht die einen kleinen Waffenschein haben oder einen beantragen m\u00f6chten, sich aber mit der Handhabung einer Waffe nicht auskennen.\u00a0 ANMELDUNG UNBEDINGT ERFORDERLICH!!!! Termine f\u00fcr unsere Seminare: Termine nur Training:\u00a0 \u00a0 \u00a0 \u00a0 \u00a0 \u00a0 \u00a0 \u00a0 \u00a0 \u00a0 \u00a0 \u00a0 \u00a0\u00a0 (ohne vorheriges [&hellip;]<\/p>\n","protected":false},"author":1,"featured_media":1923,"parent":0,"menu_order":0,"comment_status":"closed","ping_status":"closed","template":"","meta":{"footnotes":""},"categories":[76],"tags":[],"class_list":["post-7","page","type-page","status-publish","has-post-thumbnail","hentry","category-frontseitenmodul"],"_links":{"self":[{"href":"http:\/\/cleverjagen.eu\/index.php?rest_route=\/wp\/v2\/pages\/7","targetHints":{"allow":["GET"]}}],"collection":[{"href":"http:\/\/cleverjagen.eu\/index.php?rest_route=\/wp\/v2\/pages"}],"about":[{"href":"http:\/\/cleverjagen.eu\/index.php?rest_route=\/wp\/v2\/types\/page"}],"author":[{"embeddable":true,"href":"http:\/\/cleverjagen.eu\/index.php?rest_route=\/wp\/v2\/users\/1"}],"replies":[{"embeddable":true,"href":"http:\/\/cleverjagen.eu\/index.php?rest_route=%2Fwp%2Fv2%2Fcomments&post=7"}],"version-history":[{"count":10,"href":"http:\/\/cleverjagen.eu\/index.php?rest_route=\/wp\/v2\/pages\/7\/revisions"}],"predecessor-version":[{"id":2431,"href":"http:\/\/cleverjagen.eu\/index.php?rest_route=\/wp\/v2\/pages\/7\/revisions\/2431"}],"wp:featuredmedia":[{"embeddable":true,"href":"http:\/\/cleverjagen.eu\/index.php?rest_route=\/wp\/v2\/media\/1923"}],"wp:attachment":[{"href":"http:\/\/cleverjagen.eu\/index.php?rest_route=%2Fwp%2Fv2%2Fmedia&parent=7"}],"wp:term":[{"taxonomy":"category","embeddable":true,"href":"http:\/\/cleverjagen.eu\/index.php?rest_route=%2Fwp%2Fv2%2Fcategories&post=7"},{"taxonomy":"post_tag","embeddable":true,"href":"http:\/\/cleverjagen.eu\/index.php?rest_route=%2Fwp%2Fv2%2Ftags&post=7"}],"curies":[{"name":"wp","href":"https:\/\/api.w.org\/{rel}","templated":true}]}}