{"id":51,"date":"2018-01-08T19:54:47","date_gmt":"2018-01-08T18:54:47","guid":{"rendered":"http:\/\/cleverjagen.eu\/?page_id=51"},"modified":"2022-12-01T08:54:49","modified_gmt":"2022-12-01T07:54:49","slug":"jagdberatung","status":"publish","type":"page","link":"http:\/\/cleverjagen.eu\/?page_id=51","title":{"rendered":"Optik"},"content":{"rendered":"<p>[vc_row][vc_column][vc_column_text]Sie ben\u00f6tigen ein Fernglas f\u00fcr Pirsch oder Nachtansitz b.z.w. ein Zielfernrohr f\u00fcr diese Zwecke? Oder soll es ein Spektiv sein?<\/p>\n<p>Wir \u00fcberzeugen Sie gerne von einer exzellenten Brillianz wie Sie sie sonst nur von namhaften Herstellern kennen. Und das in einer unschlagbaren Preisklasse.<\/p>\n<p>Wir scheuen keinen direkten Vergleich!<br \/>\nWir sind \u00fcberzeugt von den Produkten von DD OPTICS!\u00a0 <a href=\"http:\/\/www.ddoptics.de\" class=\"image-link\"><img loading=\"lazy\" decoding=\"async\" class=\"alignnone size-full wp-image-1931\" src=\"http:\/\/cleverjagen.eu\/wp-content\/uploads\/2022\/12\/DDoptics_Logo_250x150px.jpg\" alt=\"\" width=\"250\" height=\"150\" \/><\/a><br \/>\nBesuchen Sie uns und testen Sie selbst!<\/p>\n<p>DD OPTICS ist ein im Jahr 2004 gegr\u00fcndetes Familienunternehmen mit Sitz Sitz in Chemnitz und Dresden welches seine Produkte in Deutschland entwickelt und teilweise produziert. Ein Gro\u00dfteil wird von Partner mit \u00fcberragender Erfahrung und Innovation in Japan gefertigt.<\/p>\n<p>Sollte wir Sie wider erwarten nicht von der Qualit\u00e4t mit drei\u00dfig Jahren Garantie \u00fcberzeugen k\u00f6nnen, nennen Sie uns einfach Ihr Wunschprodukt, welches wir ebenfalls innerhalb weniger Tage beschaffen k\u00f6nnen.[\/vc_column_text][\/vc_column][\/vc_row][vc_row][vc_column][\/vc_column][\/vc_row][vc_row][vc_column][vc_basic_grid post_type=&#8220;post&#8220; max_items=&#8220;10&#8243; grid_id=&#8220;vc_gid:1533735764839-5c3f58dc-5065-9&#8243; taxonomies=&#8220;4&#8243;][\/vc_column][\/vc_row]<\/p>\n<p><img loading=\"lazy\" decoding=\"async\" class=\"alignnone size-full wp-image-1864\" src=\"http:\/\/cleverjagen.eu\/wp-content\/uploads\/2022\/10\/20221012_170214-scaled.jpg\" alt=\"\" width=\"2560\" height=\"2560\" srcset=\"http:\/\/cleverjagen.eu\/wp-content\/uploads\/2022\/10\/20221012_170214-scaled.jpg 2560w, http:\/\/cleverjagen.eu\/wp-content\/uploads\/2022\/10\/20221012_170214-300x300.jpg 300w, http:\/\/cleverjagen.eu\/wp-content\/uploads\/2022\/10\/20221012_170214-1024x1024.jpg 1024w, http:\/\/cleverjagen.eu\/wp-content\/uploads\/2022\/10\/20221012_170214-150x150.jpg 150w, http:\/\/cleverjagen.eu\/wp-content\/uploads\/2022\/10\/20221012_170214-768x768.jpg 768w, http:\/\/cleverjagen.eu\/wp-content\/uploads\/2022\/10\/20221012_170214-1536x1536.jpg 1536w, http:\/\/cleverjagen.eu\/wp-content\/uploads\/2022\/10\/20221012_170214-2048x2048.jpg 2048w, http:\/\/cleverjagen.eu\/wp-content\/uploads\/2022\/10\/20221012_170214-848x848.jpg 848w, http:\/\/cleverjagen.eu\/wp-content\/uploads\/2022\/10\/20221012_170214-1140x1140.jpg 1140w, http:\/\/cleverjagen.eu\/wp-content\/uploads\/2022\/10\/20221012_170214-1170x1170.jpg 1170w, http:\/\/cleverjagen.eu\/wp-content\/uploads\/2022\/10\/20221012_170214-1920x1920.jpg 1920w\" sizes=\"auto, (max-width: 2560px) 100vw, 2560px\" \/><\/p>\n","protected":false},"excerpt":{"rendered":"<p>[vc_row][vc_column][vc_column_text]Sie ben\u00f6tigen ein Fernglas f\u00fcr Pirsch oder Nachtansitz b.z.w. ein Zielfernrohr f\u00fcr diese Zwecke? Oder soll es ein Spektiv sein? Wir \u00fcberzeugen Sie gerne von einer exzellenten Brillianz wie Sie sie sonst nur von namhaften Herstellern kennen. Und das in einer unschlagbaren Preisklasse. Wir scheuen keinen direkten Vergleich! Wir sind \u00fcberzeugt von den Produkten von [&hellip;]<\/p>\n","protected":false},"author":1,"featured_media":1284,"parent":0,"menu_order":0,"comment_status":"closed","ping_status":"closed","template":"","meta":{"footnotes":""},"categories":[77],"tags":[],"class_list":["post-51","page","type-page","status-publish","has-post-thumbnail","hentry","category-frontseitenmodule"],"_links":{"self":[{"href":"http:\/\/cleverjagen.eu\/index.php?rest_route=\/wp\/v2\/pages\/51","targetHints":{"allow":["GET"]}}],"collection":[{"href":"http:\/\/cleverjagen.eu\/index.php?rest_route=\/wp\/v2\/pages"}],"about":[{"href":"http:\/\/cleverjagen.eu\/index.php?rest_route=\/wp\/v2\/types\/page"}],"author":[{"embeddable":true,"href":"http:\/\/cleverjagen.eu\/index.php?rest_route=\/wp\/v2\/users\/1"}],"replies":[{"embeddable":true,"href":"http:\/\/cleverjagen.eu\/index.php?rest_route=%2Fwp%2Fv2%2Fcomments&post=51"}],"version-history":[{"count":9,"href":"http:\/\/cleverjagen.eu\/index.php?rest_route=\/wp\/v2\/pages\/51\/revisions"}],"predecessor-version":[{"id":1934,"href":"http:\/\/cleverjagen.eu\/index.php?rest_route=\/wp\/v2\/pages\/51\/revisions\/1934"}],"wp:featuredmedia":[{"embeddable":true,"href":"http:\/\/cleverjagen.eu\/index.php?rest_route=\/wp\/v2\/media\/1284"}],"wp:attachment":[{"href":"http:\/\/cleverjagen.eu\/index.php?rest_route=%2Fwp%2Fv2%2Fmedia&parent=51"}],"wp:term":[{"taxonomy":"category","embeddable":true,"href":"http:\/\/cleverjagen.eu\/index.php?rest_route=%2Fwp%2Fv2%2Fcategories&post=51"},{"taxonomy":"post_tag","embeddable":true,"href":"http:\/\/cleverjagen.eu\/index.php?rest_route=%2Fwp%2Fv2%2Ftags&post=51"}],"curies":[{"name":"wp","href":"https:\/\/api.w.org\/{rel}","templated":true}]}}