{"id":464,"date":"2018-03-30T08:37:09","date_gmt":"2018-03-30T06:37:09","guid":{"rendered":"http:\/\/cleverjagen.eu\/?page_id=464"},"modified":"2024-06-12T14:20:00","modified_gmt":"2024-06-12T12:20:00","slug":"nachtsicht-waermebildtechnik","status":"publish","type":"page","link":"http:\/\/cleverjagen.eu\/?page_id=464","title":{"rendered":"Nachtsicht- &#038; W\u00e4rmebildtechnik"},"content":{"rendered":"<div style=\"width: 384px;\" class=\"wp-video\"><!--[if lt IE 9]><script>document.createElement('video');<\/script><![endif]-->\n<video class=\"wp-video-shortcode\" id=\"video-464-1\" width=\"384\" height=\"288\" preload=\"metadata\" controls=\"controls\"><source type=\"video\/mp4\" src=\"http:\/\/cleverjagen.eu\/wp-content\/uploads\/2018\/12\/Fuchs.mp4?_=1\" \/><a href=\"http:\/\/cleverjagen.eu\/wp-content\/uploads\/2018\/12\/Fuchs.mp4\">http:\/\/cleverjagen.eu\/wp-content\/uploads\/2018\/12\/Fuchs.mp4<\/a><\/video><\/div>\n<div style=\"width: 384px;\" class=\"wp-video\"><video class=\"wp-video-shortcode\" id=\"video-464-2\" width=\"384\" height=\"288\" preload=\"metadata\" controls=\"controls\"><source type=\"video\/mp4\" src=\"http:\/\/cleverjagen.eu\/wp-content\/uploads\/2018\/12\/Rehwild.mp4?_=2\" \/><a href=\"http:\/\/cleverjagen.eu\/wp-content\/uploads\/2018\/12\/Rehwild.mp4\">http:\/\/cleverjagen.eu\/wp-content\/uploads\/2018\/12\/Rehwild.mp4<\/a><\/video><\/div>\n<div style=\"width: 384px;\" class=\"wp-video\"><video class=\"wp-video-shortcode\" id=\"video-464-3\" width=\"384\" height=\"288\" preload=\"metadata\" controls=\"controls\"><source type=\"video\/mp4\" src=\"http:\/\/cleverjagen.eu\/wp-content\/uploads\/2018\/12\/Schwarzwild-2.mp4?_=3\" \/><a href=\"http:\/\/cleverjagen.eu\/wp-content\/uploads\/2018\/12\/Schwarzwild-2.mp4\">http:\/\/cleverjagen.eu\/wp-content\/uploads\/2018\/12\/Schwarzwild-2.mp4<\/a><\/video><\/div>\n<p>Auch wenn die Jagd immer etwas mit Tradition zu tun hat, darf man sich Innovationen nicht verschlie\u00dfen.<br \/>\nStillstand ist R\u00fcckstand!<br \/>\nWie oft kommt es vor, das man nach Stundenlangem, vergeblichem Ansitz Ansitz abbricht und beim abbaumen h\u00f6rt man die Rotte wild blasend weg brechen, oder schlimmer das heimliche und \u00fcberaus vorsichtige Rotwild wird vergr\u00e4mt.<br \/>\nEin Blick durch eine W\u00e4rmebildkamera hilft, auch bei Nebel in den dichten Bestand zu sehen.<br \/>\nWildschaden-Gesch\u00e4digten J\u00e4gern hilft diese Technik, eine in der Feldfrucht stehende Sau oder gar ganze Rotten gezielt anzugehen.<br \/>\nIm Falle einer Ausbreitung der afrikanischen Schweinepest werden weitere Bundesl\u00e4nder eine Aufhebung des Verbotes von Nachtzielhilfen umsetzen.<br \/>\nVorsorglich weisen wir jedoch daraufhin, das die Montage von Hilfsmitteln dieser Art als Zielhilfe auf Schusswaffen in Deutschland nur mit Genehmigung des Bundeskriminalamt (BKA) zul\u00e4ssig ist!<br \/>\nBei einer Verwendung im Ausland sowie den Weiterverkauf dorthin, beachten Sie bitte die dort geltende Gesetzgebung sowie Zoll- und Handelsabkommen!<br \/>\nGerne beraten wir von CleverJagen.eu Sie zu diesem Thema.<br \/>\nWir sind Vertriebspartner von f\u00fchrenden Anbietern wie DDoptics, Jahnke Nachtsicht, Pulsar oder Flir.<\/p>\n<p>W\u00e4rmebildger\u00e4te \u00fcberlassen wir Ihnen gegen eine Schutzgeb\u00fchr gerne zu einem Test in Ihrem Revier, Nachtsichttechnik ist ausschlie\u00dflich nur in Anwesenheit unseres Fachpersonals gegen Schutzgeb\u00fchr m\u00f6glich.<br \/>\nSelbstverst\u00e4ndlich werden Ihnen diese Kosten bei Kauf angerechnet.<\/p>\n","protected":false},"excerpt":{"rendered":"<p>Auch wenn die Jagd immer etwas mit Tradition zu tun hat, darf man sich Innovationen nicht verschlie\u00dfen. Stillstand ist R\u00fcckstand! Wie oft kommt es vor, das man nach Stundenlangem, vergeblichem Ansitz Ansitz abbricht und beim abbaumen h\u00f6rt man die Rotte wild blasend weg brechen, oder schlimmer das heimliche und \u00fcberaus vorsichtige Rotwild wird vergr\u00e4mt. Ein [&hellip;]<\/p>\n","protected":false},"author":1,"featured_media":1285,"parent":0,"menu_order":0,"comment_status":"closed","ping_status":"closed","template":"","meta":{"footnotes":""},"categories":[77],"tags":[],"class_list":["post-464","page","type-page","status-publish","has-post-thumbnail","hentry","category-frontseitenmodule"],"_links":{"self":[{"href":"http:\/\/cleverjagen.eu\/index.php?rest_route=\/wp\/v2\/pages\/464","targetHints":{"allow":["GET"]}}],"collection":[{"href":"http:\/\/cleverjagen.eu\/index.php?rest_route=\/wp\/v2\/pages"}],"about":[{"href":"http:\/\/cleverjagen.eu\/index.php?rest_route=\/wp\/v2\/types\/page"}],"author":[{"embeddable":true,"href":"http:\/\/cleverjagen.eu\/index.php?rest_route=\/wp\/v2\/users\/1"}],"replies":[{"embeddable":true,"href":"http:\/\/cleverjagen.eu\/index.php?rest_route=%2Fwp%2Fv2%2Fcomments&post=464"}],"version-history":[{"count":10,"href":"http:\/\/cleverjagen.eu\/index.php?rest_route=\/wp\/v2\/pages\/464\/revisions"}],"predecessor-version":[{"id":2370,"href":"http:\/\/cleverjagen.eu\/index.php?rest_route=\/wp\/v2\/pages\/464\/revisions\/2370"}],"wp:featuredmedia":[{"embeddable":true,"href":"http:\/\/cleverjagen.eu\/index.php?rest_route=\/wp\/v2\/media\/1285"}],"wp:attachment":[{"href":"http:\/\/cleverjagen.eu\/index.php?rest_route=%2Fwp%2Fv2%2Fmedia&parent=464"}],"wp:term":[{"taxonomy":"category","embeddable":true,"href":"http:\/\/cleverjagen.eu\/index.php?rest_route=%2Fwp%2Fv2%2Fcategories&post=464"},{"taxonomy":"post_tag","embeddable":true,"href":"http:\/\/cleverjagen.eu\/index.php?rest_route=%2Fwp%2Fv2%2Ftags&post=464"}],"curies":[{"name":"wp","href":"https:\/\/api.w.org\/{rel}","templated":true}]}}