{"id":412,"date":"2018-03-29T22:52:46","date_gmt":"2018-03-29T20:52:46","guid":{"rendered":"http:\/\/cleverjagen.eu\/?page_id=412"},"modified":"2024-03-02T14:31:57","modified_gmt":"2024-03-02T13:31:57","slug":"futterale-4","status":"publish","type":"page","link":"http:\/\/cleverjagen.eu\/?page_id=412","title":{"rendered":"Zubeh\u00f6r"},"content":{"rendered":"<p><a href=\"http:\/\/cleverjagen.eu\/wp-content\/uploads\/2020\/12\/Minox-WIFI-1.png\" class=\"image-link\"><img loading=\"lazy\" decoding=\"async\" class=\"alignnone size-full wp-image-1404\" src=\"http:\/\/cleverjagen.eu\/wp-content\/uploads\/2020\/12\/Minox-WIFI-1.png\" alt=\"\" width=\"1000\" height=\"1000\" srcset=\"http:\/\/cleverjagen.eu\/wp-content\/uploads\/2020\/12\/Minox-WIFI-1.png 1000w, http:\/\/cleverjagen.eu\/wp-content\/uploads\/2020\/12\/Minox-WIFI-1-150x150.png 150w, http:\/\/cleverjagen.eu\/wp-content\/uploads\/2020\/12\/Minox-WIFI-1-300x300.png 300w, http:\/\/cleverjagen.eu\/wp-content\/uploads\/2020\/12\/Minox-WIFI-1-768x768.png 768w, http:\/\/cleverjagen.eu\/wp-content\/uploads\/2020\/12\/Minox-WIFI-1-848x848.png 848w\" sizes=\"auto, (max-width: 1000px) 100vw, 1000px\" \/><\/a><\/p>\n<p>&nbsp;<\/p>\n<p>&nbsp;<\/p>\n<p>&nbsp;<\/p>\n<p>&nbsp;<\/p>\n<p>&nbsp;<\/p>\n<p>&nbsp;<\/p>\n<p>&nbsp;<\/p>\n<p>&nbsp;<\/p>\n<p>&nbsp;<\/p>\n<p>&nbsp;<\/p>\n<div class=\"fr-detail-description__content\">\n<p>&nbsp;<\/p>\n<\/div>\n<p>&nbsp;<\/p>\n<p><span style=\"color: #000000;\"><strong><a href=\"http:\/\/cleverjagen.eu\/wp-content\/uploads\/2020\/12\/Minox-WIFI2.png\" class=\"image-link\"><img loading=\"lazy\" decoding=\"async\" class=\"alignnone size-full wp-image-1405\" src=\"http:\/\/cleverjagen.eu\/wp-content\/uploads\/2020\/12\/Minox-WIFI2.png\" alt=\"\" width=\"1000\" height=\"1000\" srcset=\"http:\/\/cleverjagen.eu\/wp-content\/uploads\/2020\/12\/Minox-WIFI2.png 1000w, http:\/\/cleverjagen.eu\/wp-content\/uploads\/2020\/12\/Minox-WIFI2-150x150.png 150w, http:\/\/cleverjagen.eu\/wp-content\/uploads\/2020\/12\/Minox-WIFI2-300x300.png 300w, http:\/\/cleverjagen.eu\/wp-content\/uploads\/2020\/12\/Minox-WIFI2-768x768.png 768w, http:\/\/cleverjagen.eu\/wp-content\/uploads\/2020\/12\/Minox-WIFI2-848x848.png 848w\" sizes=\"auto, (max-width: 1000px) 100vw, 1000px\" \/><\/a><\/strong><\/span><\/p>\n<h4>DTC 550 WiFi<\/h4>\n<ul>\n<li>Unsichtbarer IR-Blitz mit 15 Metern Reichweite<\/li>\n<li>HD-Videoaufl\u00f6sung (1080p)<\/li>\n<li>Ausl\u00f6severz\u00f6gerung: 0,4 Sek.<\/li>\n<li>Bis zu 9 Serienbilder und Videos bis 3 Minuten L\u00e4nge<\/li>\n<li>2,4&#8243; Farbmonitor<\/li>\n<li>Zeitschaltuhrfunktion<\/li>\n<li>Batterielebensdauer von bis zu 6 Monaten<\/li>\n<li>Robustes und wetterbest\u00e4ndiges Kunststoffgeh\u00e4use<\/li>\n<li>Anschluss f\u00fcr externe Stromversorgung<\/li>\n<li>Spritzwassergesch\u00fctzt entsprechend IP54<\/li>\n<li>Bequemer Datentransfer und Verwaltung der Systemeinstellungen der Kamera mittels WiFi-Verbindung und App im Umkreis von 10 Meter<\/li>\n<\/ul>\n<p><span style=\"color: #000000;\"><strong>&nbsp; &nbsp; &nbsp; &nbsp; &nbsp; &nbsp; &nbsp; &nbsp; &nbsp; &nbsp; &nbsp; &nbsp; &nbsp; &nbsp; &nbsp; &nbsp; &nbsp; &nbsp; &nbsp; &nbsp; &nbsp; &nbsp; &nbsp; &nbsp; &nbsp; &nbsp; &nbsp; &nbsp; &nbsp; &nbsp;<span style=\"color: #008000;\"> Minox DTC 550 WIFI: Preis \u20ac 179,00<\/span><\/strong><\/span><\/p>\n<hr>\n<p><span style=\"color: #000000;\"><strong><br \/>\nAKAH Waffen-Reinigungs Set:<\/strong> Preis: \u20ac 12,50<\/span><\/p>\n<p><span style=\"color: #000000;\"><strong>Spezial Waffen\u00f6l Gunex:<\/strong> Preis: \u20ac&nbsp; 8,00 \/ 200 ml Spray<\/span><\/p>\n<p><span style=\"color: #000000;\"><strong><img loading=\"lazy\" decoding=\"async\" class=\"wp-image-1174 size-medium alignleft\" src=\"http:\/\/cleverjagen.eu\/wp-content\/uploads\/2018\/12\/ballistol-300x189.png\" alt=\"\" width=\"300\" height=\"189\" srcset=\"http:\/\/cleverjagen.eu\/wp-content\/uploads\/2018\/12\/ballistol-300x189.png 300w, http:\/\/cleverjagen.eu\/wp-content\/uploads\/2018\/12\/ballistol.png 760w\" sizes=\"auto, (max-width: 300px) 100vw, 300px\" \/><\/strong><\/span><\/p>\n<p>&nbsp;<\/p>\n<p>&nbsp;<\/p>\n<p><span style=\"color: #000000;\"><strong>Balistol Universal:<\/strong> Preis: \u20ac 11,95 \/ 400 ml Spray<br \/>\n<\/span><span style=\"color: #000000;\">&nbsp; &nbsp; &nbsp; &nbsp; &nbsp; &nbsp; &nbsp; &nbsp; &nbsp; &nbsp; &nbsp; &nbsp; &nbsp; &nbsp; &nbsp; &nbsp; &nbsp; &nbsp; &nbsp; &nbsp;&nbsp; Preis: \u20ac&nbsp; 7,20 \/ 200 ml Spray<br \/>\n<\/span><span style=\"color: #000000;\">&nbsp; &nbsp; &nbsp; &nbsp; &nbsp; &nbsp; &nbsp; &nbsp; &nbsp; &nbsp; &nbsp; &nbsp; &nbsp; &nbsp; &nbsp; &nbsp; &nbsp; &nbsp; &nbsp; &nbsp;&nbsp; Preis: \u20ac&nbsp; 2,95 \/&nbsp; 50 ml \u00d6l<\/span><\/p>\n<p>&nbsp;<\/p>\n<p>&nbsp;<\/p>\n<p>&nbsp;<\/p>\n<p><span style=\"color: #000000;\"><strong>AKAH Patronen Etui Oxydfrei:<\/strong><\/span><\/p>\n<p><span style=\"color: #000000;\"><a href=\"http:\/\/cleverjagen.eu\/wp-content\/uploads\/2020\/12\/Etui-Patronen.jpg\" class=\"image-link\"><img loading=\"lazy\" decoding=\"async\" class=\"alignnone size-full wp-image-1406\" src=\"http:\/\/cleverjagen.eu\/wp-content\/uploads\/2020\/12\/Etui-Patronen.jpg\" alt=\"\" width=\"1600\" height=\"1600\" srcset=\"http:\/\/cleverjagen.eu\/wp-content\/uploads\/2020\/12\/Etui-Patronen.jpg 1600w, http:\/\/cleverjagen.eu\/wp-content\/uploads\/2020\/12\/Etui-Patronen-150x150.jpg 150w, http:\/\/cleverjagen.eu\/wp-content\/uploads\/2020\/12\/Etui-Patronen-300x300.jpg 300w, http:\/\/cleverjagen.eu\/wp-content\/uploads\/2020\/12\/Etui-Patronen-768x768.jpg 768w, http:\/\/cleverjagen.eu\/wp-content\/uploads\/2020\/12\/Etui-Patronen-1024x1024.jpg 1024w, http:\/\/cleverjagen.eu\/wp-content\/uploads\/2020\/12\/Etui-Patronen-848x848.jpg 848w, http:\/\/cleverjagen.eu\/wp-content\/uploads\/2020\/12\/Etui-Patronen-1140x1140.jpg 1140w, http:\/\/cleverjagen.eu\/wp-content\/uploads\/2020\/12\/Etui-Patronen-1170x1170.jpg 1170w\" sizes=\"auto, (max-width: 1600px) 100vw, 1600px\" \/><\/a><\/span><\/p>\n<p>Es wurde aus hochwertigem, \u00f6kologisch gegerbtem B\u00fcffelleder mit Pull-Up Effekt gefertigt und verf\u00fcgt \u00fcber einen lautlosen Magnetverschluss sowie eine Klemmfeder zum einfachen Anklippen an den G\u00fcrtel oder die Hosentasche.&nbsp;Das Etui ist&nbsp;garantiert oxidationsfrei&nbsp;und hat einen edlen Griff.<\/p>\n<ul>\n<li><strong>f\u00fcr 7 Kugelpatronen<\/strong><\/li>\n<li><strong>mit Klemmfeder und Magnetverschluss<\/strong><\/li>\n<\/ul>\n<p><strong>B\u00fcffelleder mit Pull-Up-Effekt<\/strong>: Dieses von Hand ge\u00f6lte AKAH Leder zeigt deutliche Naturmerkmale und interessante Farbschattierungen innerhalb jeder einzelnen Haut. Wenn man das Leder biegt oder knickt, nimmt es eine hellere Farbe an, welche nach einiger Zeit wieder verschwindet (Pull-Up-Effekt). Bedingt durch die starke Fettung ist insbesondere Pull-Up-Leder vom Wasserb\u00fcffel besonders witterungsbest\u00e4ndig. Im Lauf des Gebrauchs bildet dieses Leder eine unverwechselbare, individuelle Lederpatina.<\/p>\n<p style=\"text-align: center;\"><span style=\"color: #000000;\">&nbsp; &nbsp; &nbsp; &nbsp; &nbsp; &nbsp; &nbsp; &nbsp; &nbsp; &nbsp; &nbsp; &nbsp; &nbsp; &nbsp; &nbsp; &nbsp; &nbsp; &nbsp; &nbsp; &nbsp; &nbsp; &nbsp; &nbsp; &nbsp; &nbsp;<span style=\"color: #008000;\">Etui f\u00fcr 3 Kugeln u. 4 Schrot Patronen&nbsp; Preis: \u20ac 32,95&nbsp;<\/span><\/span><\/p>\n<p style=\"text-align: center;\"><span style=\"color: #008000;\">&nbsp; &nbsp; &nbsp; &nbsp; &nbsp; &nbsp; &nbsp; &nbsp; &nbsp; &nbsp; &nbsp; &nbsp; &nbsp; Etui f\u00fcr 7 Kugeln&nbsp; Preis:&nbsp;\u20ac 38,92&nbsp;<\/span><\/p>\n<hr>\n<p>&nbsp;<\/p>\n<p><span style=\"color: #000000;\"><strong>B\u00fcchsenfutteral<\/strong> in gr\u00fcn oder schwarz Preis: \u20ac 25,90<\/span><\/p>\n<p><span style=\"color: #000000;\"><strong>Flintenfutteral<\/strong> in gr\u00fcn: Preis: \u20ac 25,90<\/span><\/p>\n<p><strong><span style=\"color: #000000;\">Zahlenkombinationsschloss:<\/span><\/strong> Preis: \u20ac 4,00<\/p>\n<p><a href=\"http:\/\/cleverjagen.eu\/wp-content\/uploads\/2020\/12\/Gewehrriemen1.jpg\" class=\"image-link\"><img loading=\"lazy\" decoding=\"async\" class=\"alignnone size-full wp-image-1407\" src=\"http:\/\/cleverjagen.eu\/wp-content\/uploads\/2020\/12\/Gewehrriemen1.jpg\" alt=\"\" width=\"1600\" height=\"900\" srcset=\"http:\/\/cleverjagen.eu\/wp-content\/uploads\/2020\/12\/Gewehrriemen1.jpg 1600w, http:\/\/cleverjagen.eu\/wp-content\/uploads\/2020\/12\/Gewehrriemen1-300x169.jpg 300w, http:\/\/cleverjagen.eu\/wp-content\/uploads\/2020\/12\/Gewehrriemen1-768x432.jpg 768w, http:\/\/cleverjagen.eu\/wp-content\/uploads\/2020\/12\/Gewehrriemen1-1024x576.jpg 1024w, http:\/\/cleverjagen.eu\/wp-content\/uploads\/2020\/12\/Gewehrriemen1-848x477.jpg 848w, http:\/\/cleverjagen.eu\/wp-content\/uploads\/2020\/12\/Gewehrriemen1-1140x641.jpg 1140w, http:\/\/cleverjagen.eu\/wp-content\/uploads\/2020\/12\/Gewehrriemen1-1170x658.jpg 1170w\" sizes=\"auto, (max-width: 1600px) 100vw, 1600px\" \/><\/a><a href=\"http:\/\/cleverjagen.eu\/wp-content\/uploads\/2020\/12\/Gewehrriemen2.jpg\" class=\"image-link\"><img loading=\"lazy\" decoding=\"async\" class=\"alignnone size-full wp-image-1408\" src=\"http:\/\/cleverjagen.eu\/wp-content\/uploads\/2020\/12\/Gewehrriemen2.jpg\" alt=\"\" width=\"1600\" height=\"900\" srcset=\"http:\/\/cleverjagen.eu\/wp-content\/uploads\/2020\/12\/Gewehrriemen2.jpg 1600w, http:\/\/cleverjagen.eu\/wp-content\/uploads\/2020\/12\/Gewehrriemen2-300x169.jpg 300w, http:\/\/cleverjagen.eu\/wp-content\/uploads\/2020\/12\/Gewehrriemen2-768x432.jpg 768w, http:\/\/cleverjagen.eu\/wp-content\/uploads\/2020\/12\/Gewehrriemen2-1024x576.jpg 1024w, http:\/\/cleverjagen.eu\/wp-content\/uploads\/2020\/12\/Gewehrriemen2-848x477.jpg 848w, http:\/\/cleverjagen.eu\/wp-content\/uploads\/2020\/12\/Gewehrriemen2-1140x641.jpg 1140w, http:\/\/cleverjagen.eu\/wp-content\/uploads\/2020\/12\/Gewehrriemen2-1170x658.jpg 1170w\" sizes=\"auto, (max-width: 1600px) 100vw, 1600px\" \/><\/a><a href=\"http:\/\/cleverjagen.eu\/wp-content\/uploads\/2020\/12\/Gewehrriemen3.jpg\" class=\"image-link\"><img loading=\"lazy\" decoding=\"async\" class=\"alignnone size-full wp-image-1409\" src=\"http:\/\/cleverjagen.eu\/wp-content\/uploads\/2020\/12\/Gewehrriemen3.jpg\" alt=\"\" width=\"1600\" height=\"900\" srcset=\"http:\/\/cleverjagen.eu\/wp-content\/uploads\/2020\/12\/Gewehrriemen3.jpg 1600w, http:\/\/cleverjagen.eu\/wp-content\/uploads\/2020\/12\/Gewehrriemen3-300x169.jpg 300w, http:\/\/cleverjagen.eu\/wp-content\/uploads\/2020\/12\/Gewehrriemen3-768x432.jpg 768w, http:\/\/cleverjagen.eu\/wp-content\/uploads\/2020\/12\/Gewehrriemen3-1024x576.jpg 1024w, http:\/\/cleverjagen.eu\/wp-content\/uploads\/2020\/12\/Gewehrriemen3-848x477.jpg 848w, http:\/\/cleverjagen.eu\/wp-content\/uploads\/2020\/12\/Gewehrriemen3-1140x641.jpg 1140w, http:\/\/cleverjagen.eu\/wp-content\/uploads\/2020\/12\/Gewehrriemen3-1170x658.jpg 1170w\" sizes=\"auto, (max-width: 1600px) 100vw, 1600px\" \/><\/a><\/p>\n<p style=\"text-align: center;\"><span style=\"color: #008000;\"><strong>Gewehrriemen:<\/strong> AKAH Rifte Sling superelastisch&nbsp; Preis: \u20ac 36,00<\/span><\/p>\n<p style=\"text-align: center;\"><span style=\"color: #008000;\"><strong>Gewehrriemen:<\/strong> AKAH Rifte Sling Neopren &nbsp; &nbsp; &nbsp; &nbsp; &nbsp;&nbsp; Preis: \u20ac 47,60<\/span><\/p>\n<p>&nbsp;<\/p>\n","protected":false},"excerpt":{"rendered":"<p>&nbsp; &nbsp; &nbsp; &nbsp; &nbsp; &nbsp; &nbsp; &nbsp; &nbsp; &nbsp; &nbsp; &nbsp; DTC 550 WiFi Unsichtbarer IR-Blitz mit 15 Metern Reichweite HD-Videoaufl\u00f6sung (1080p) Ausl\u00f6severz\u00f6gerung: 0,4 Sek. Bis zu 9 Serienbilder und Videos bis 3 Minuten L\u00e4nge 2,4&#8243; Farbmonitor Zeitschaltuhrfunktion Batterielebensdauer von bis zu 6 Monaten Robustes und wetterbest\u00e4ndiges Kunststoffgeh\u00e4use Anschluss f\u00fcr externe Stromversorgung Spritzwassergesch\u00fctzt entsprechend [&hellip;]<\/p>\n","protected":false},"author":1,"featured_media":0,"parent":264,"menu_order":0,"comment_status":"closed","ping_status":"closed","template":"","meta":{"footnotes":""},"categories":[],"tags":[],"class_list":["post-412","page","type-page","status-publish","hentry"],"_links":{"self":[{"href":"http:\/\/cleverjagen.eu\/index.php?rest_route=\/wp\/v2\/pages\/412","targetHints":{"allow":["GET"]}}],"collection":[{"href":"http:\/\/cleverjagen.eu\/index.php?rest_route=\/wp\/v2\/pages"}],"about":[{"href":"http:\/\/cleverjagen.eu\/index.php?rest_route=\/wp\/v2\/types\/page"}],"author":[{"embeddable":true,"href":"http:\/\/cleverjagen.eu\/index.php?rest_route=\/wp\/v2\/users\/1"}],"replies":[{"embeddable":true,"href":"http:\/\/cleverjagen.eu\/index.php?rest_route=%2Fwp%2Fv2%2Fcomments&post=412"}],"version-history":[{"count":10,"href":"http:\/\/cleverjagen.eu\/index.php?rest_route=\/wp\/v2\/pages\/412\/revisions"}],"predecessor-version":[{"id":2224,"href":"http:\/\/cleverjagen.eu\/index.php?rest_route=\/wp\/v2\/pages\/412\/revisions\/2224"}],"up":[{"embeddable":true,"href":"http:\/\/cleverjagen.eu\/index.php?rest_route=\/wp\/v2\/pages\/264"}],"wp:attachment":[{"href":"http:\/\/cleverjagen.eu\/index.php?rest_route=%2Fwp%2Fv2%2Fmedia&parent=412"}],"wp:term":[{"taxonomy":"category","embeddable":true,"href":"http:\/\/cleverjagen.eu\/index.php?rest_route=%2Fwp%2Fv2%2Fcategories&post=412"},{"taxonomy":"post_tag","embeddable":true,"href":"http:\/\/cleverjagen.eu\/index.php?rest_route=%2Fwp%2Fv2%2Ftags&post=412"}],"curies":[{"name":"wp","href":"https:\/\/api.w.org\/{rel}","templated":true}]}}