{"id":403,"date":"2018-03-29T22:48:27","date_gmt":"2018-03-29T20:48:27","guid":{"rendered":"http:\/\/cleverjagen.eu\/?page_id=403"},"modified":"2024-11-20T16:56:23","modified_gmt":"2024-11-20T15:56:23","slug":"fernglaeser-3","status":"publish","type":"page","link":"http:\/\/cleverjagen.eu\/?page_id=403","title":{"rendered":"Leuchtpunktvisiere"},"content":{"rendered":"<p><strong>Geco Red Dot 1&#215;20 Gen II <img decoding=\"async\" src=\"https:\/\/nc.nimax-img.de\/Produktbilder\/zoom\/62894_1\/Geco-Zielfernrohr-RED-DOT-1x20-Gen-II.jpg\" alt=\"Geco Zielfernrohr RED DOT 1x20 Gen II\" \/><\/strong><\/p>\n<p><a href=\"http:\/\/cleverjagen.eu\/wp-content\/uploads\/2021\/02\/DSC_1768.jpg\" class=\"image-link\"><img loading=\"lazy\" decoding=\"async\" class=\"alignnone size-full wp-image-1605\" src=\"http:\/\/cleverjagen.eu\/wp-content\/uploads\/2021\/02\/DSC_1768.jpg\" alt=\"\" width=\"5504\" height=\"3096\" srcset=\"http:\/\/cleverjagen.eu\/wp-content\/uploads\/2021\/02\/DSC_1768.jpg 5504w, http:\/\/cleverjagen.eu\/wp-content\/uploads\/2021\/02\/DSC_1768-300x169.jpg 300w, http:\/\/cleverjagen.eu\/wp-content\/uploads\/2021\/02\/DSC_1768-768x432.jpg 768w, http:\/\/cleverjagen.eu\/wp-content\/uploads\/2021\/02\/DSC_1768-1024x576.jpg 1024w, http:\/\/cleverjagen.eu\/wp-content\/uploads\/2021\/02\/DSC_1768-848x477.jpg 848w, http:\/\/cleverjagen.eu\/wp-content\/uploads\/2021\/02\/DSC_1768-1140x641.jpg 1140w, http:\/\/cleverjagen.eu\/wp-content\/uploads\/2021\/02\/DSC_1768-1170x658.jpg 1170w, http:\/\/cleverjagen.eu\/wp-content\/uploads\/2021\/02\/DSC_1768-1920x1080.jpg 1920w\" sizes=\"auto, (max-width: 5504px) 100vw, 5504px\" \/><\/a><\/p>\n<div id=\"description\" class=\"cnt-text-box\">\n<div class=\"text-justify\">\n<div>\n<p><b>Neues Rotpunktvisier f\u00fcr Jagd und Schie\u00dfsport<\/b><\/p>\n<p>Das neue,\u00a0<b>wasserdichte GECO Red Dot 1&#215;20 Gen II<\/b>\u00a0ist ein zuverl\u00e4ssiger\u00a0<b>Dr\u00fcckjagdbegleiter<\/b>\u00a0bei allen Wetterlagen. Das Ger\u00e4t wird mit Klarsicht Flip-Up-Covern ausgeliefert, sodass ein Einsatz mit freier Sicht zu jeder Zeit m\u00f6glich ist. Der in 11 Stufen einstellbare 2 MOA Leuchtpunkt erm\u00f6glicht auch bei schwierigen Lichtverh\u00e4ltnissen eine schnelle Zielaufnahme. Durch den Einsatz moderner Low-Energy Technologie kann die Batterie eine Lebensdauer von bis zu 30.000 Stunden erreichen. Mit der integrierten\u00a0<b>Weaver-Montage<\/b>\u00a0l\u00e4sst sich die Optik schnell und sicher montieren.<\/p>\n<\/div>\n<\/div>\n<\/div>\n<div class=\"gtc-container\" data-action=\"gtc-container\">\n<div id=\"specifications\" class=\"page-container\">\n<div class=\"auto-col-container clearfix\">\n<div class=\"single-col\">\n<h2 class=\"hdl-01\">Technische Daten<\/h2>\n<div class=\"box-container clearfix\">\n<div class=\"pad-8v\">\n<div class=\"pad-4v clearfix\">\n<h3 class=\"fs-10re float-left\"><b>Leistung<\/b><\/h3>\n<\/div>\n<hr \/>\n<div class=\" pad-2v clearfix\">\n<div class=\"fix-2c float-left\">\n<div class=\"float-left\">Bauart<\/div>\n<div data-name=\"popup-info-container\">\n<div class=\"position-relative\"><\/div>\n<div class=\"float-left cursor-pointer\"><\/div>\n<\/div>\n<\/div>\n<div class=\"fix-2c float-left\">\n<div class=\"float-left\">Leuchtpunktvisier<\/div>\n<\/div>\n<\/div>\n<div class=\"bgcl-01 pad-2v clearfix\">\n<div class=\"fix-2c float-left\">\n<div class=\"float-left\">Maximale Vergr\u00f6\u00dferung (-fach)<\/div>\n<\/div>\n<div class=\"fix-2c float-left\">\n<div class=\"float-left\">1<\/div>\n<\/div>\n<\/div>\n<div class=\" pad-2v clearfix\">\n<div class=\"fix-2c float-left\">\n<div class=\"float-left\">Frontlinsendurchmesser (mm)<\/div>\n<\/div>\n<div class=\"fix-2c float-left\">\n<div class=\"float-left\">20<\/div>\n<\/div>\n<\/div>\n<div class=\"bgcl-01 pad-2v clearfix\">\n<div class=\"fix-2c float-left\">\n<div class=\"float-left\">Linsenverg\u00fctung<\/div>\n<\/div>\n<div class=\"fix-2c float-left\">\n<div class=\"float-left\">mehrfach<\/div>\n<\/div>\n<\/div>\n<div class=\" pad-2v clearfix\">\n<div class=\"fix-2c float-left\">\n<div class=\"float-left\">Montageart<\/div>\n<\/div>\n<div class=\"fix-2c float-left\">\n<div class=\"float-left\">Weaverschiene<\/div>\n<\/div>\n<\/div>\n<div class=\"bgcl-01 pad-2v clearfix\">\n<div class=\"fix-2c float-left\">\n<div class=\"float-left\">Mittelrohrdurchmesser (mm)<\/div>\n<\/div>\n<div class=\"fix-2c float-left\">\n<div class=\"float-left\">20<\/div>\n<\/div>\n<\/div>\n<\/div>\n<div class=\"pad-8v\">\n<div class=\"pad-4v clearfix\">\n<h3 class=\"fs-10re float-left\"><b>Sehfeld<\/b><\/h3>\n<div class=\"float-left\" data-name=\"popup-info-container\">\n<div class=\"position-relative float-right\"><\/div>\n<div class=\"fm-icon float-left cursor-pointer\"><\/div>\n<\/div>\n<\/div>\n<hr \/>\n<div class=\" pad-2v clearfix\">\n<div class=\"fix-2c float-left\">\n<div class=\"float-left\">Sehfeld auf 100m (m)<\/div>\n<\/div>\n<div class=\"fix-2c float-left\">\n<div class=\"float-left\">100<\/div>\n<\/div>\n<\/div>\n<div class=\"bgcl-01 pad-2v clearfix\">\n<div class=\"fix-2c float-left\">\n<div class=\"float-left\">Absehen<\/div>\n<div data-name=\"popup-info-container\">\n<div class=\"position-relative\"><\/div>\n<div class=\"float-left cursor-pointer\"><\/div>\n<\/div>\n<\/div>\n<div class=\"fix-2c float-left\">\n<div class=\"float-left\">2 MOA<\/div>\n<\/div>\n<\/div>\n<div class=\" pad-2v clearfix\">\n<div class=\"fix-2c float-left\">\n<div class=\"float-left\">Verwendung Absehen<\/div>\n<div data-name=\"popup-info-container\">\n<div class=\"position-relative\"><\/div>\n<div class=\"float-left cursor-pointer\"><\/div>\n<\/div>\n<\/div>\n<div class=\"fix-2c float-left\">\n<div class=\"float-left\">Jagd<\/div>\n<\/div>\n<\/div>\n<\/div>\n<div class=\"pad-8v\">\n<div class=\"pad-4v clearfix\">\n<h3 class=\"fs-10re float-left\"><b>Besonderheiten<\/b><\/h3>\n<\/div>\n<hr \/>\n<div class=\" pad-2v clearfix\">\n<div class=\"fix-2c float-left\">\n<div class=\"float-left\">Beleuchtetes Absehen<\/div>\n<\/div>\n<div class=\"fix-2c float-left\">\n<div class=\"float-left\">ja<\/div>\n<\/div>\n<\/div>\n<div class=\"bgcl-01 pad-2v clearfix\">\n<div class=\"fix-2c float-left\">\n<div class=\"float-left\">Automatische Abschaltung<\/div>\n<\/div>\n<div class=\"fix-2c float-left\">\n<div class=\"float-left\">ja<\/div>\n<\/div>\n<\/div>\n<div class=\" pad-2v clearfix\">\n<div class=\"fix-2c float-left\">\n<div class=\"float-left\">H\u00f6henverstellung<\/div>\n<\/div>\n<div class=\"fix-2c float-left\">\n<div class=\"float-left\">ja<\/div>\n<\/div>\n<\/div>\n<div class=\"bgcl-01 pad-2v clearfix\">\n<div class=\"fix-2c float-left\">\n<div class=\"float-left\">Seitenverstellung<\/div>\n<\/div>\n<div class=\"fix-2c float-left\">\n<div class=\"float-left\">ja<\/div>\n<\/div>\n<\/div>\n<div class=\" pad-2v clearfix\">\n<div class=\"fix-2c float-left\">\n<div class=\"float-left\">Parallaxeverstellung<\/div>\n<\/div>\n<div class=\"fix-2c float-left\">\n<div class=\"float-left\">&#8211;<\/div>\n<\/div>\n<\/div>\n<div class=\"bgcl-01 pad-2v clearfix\">\n<div class=\"fix-2c float-left\">\n<div class=\"float-left\">Absehenschnellverstellung<\/div>\n<\/div>\n<div class=\"fix-2c float-left\">\n<div class=\"float-left\">&#8211;<\/div>\n<\/div>\n<\/div>\n<div class=\" pad-2v clearfix\">\n<div class=\"fix-2c float-left\">\n<div class=\"float-left\">Integrierter Entfernungsmesser<\/div>\n<\/div>\n<div class=\"fix-2c float-left\">\n<div class=\"float-left\">&#8211;<\/div>\n<\/div>\n<\/div>\n<div class=\"bgcl-01 pad-2v clearfix\">\n<div class=\"fix-2c float-left\">\n<div class=\"float-left\">Schutzkappe<\/div>\n<\/div>\n<div class=\"fix-2c float-left\">\n<div class=\"float-left\">ja<\/div>\n<\/div>\n<\/div>\n<div class=\" pad-2v clearfix\">\n<div class=\"fix-2c float-left\">\n<div class=\"float-left\">Sonnenblende<\/div>\n<\/div>\n<div class=\"fix-2c float-left\">\n<div class=\"float-left\">&#8211;<\/div>\n<\/div>\n<\/div>\n<div class=\"bgcl-01 pad-2v clearfix\">\n<div class=\"fix-2c float-left\">\n<div class=\"float-left\">Wasserfest<\/div>\n<\/div>\n<div class=\"fix-2c float-left\">\n<div class=\"float-left\">ja<\/div>\n<\/div>\n<\/div>\n<div class=\" pad-2v clearfix\">\n<div class=\"fix-2c float-left\">\n<div class=\"float-left\">Beschlagfrei<\/div>\n<\/div>\n<div class=\"fix-2c float-left\">\n<div class=\"float-left\">ja<\/div>\n<\/div>\n<\/div>\n<div class=\"bgcl-01 pad-2v clearfix\">\n<div class=\"fix-2c float-left\">\n<div class=\"float-left\">Druckwasserdicht<\/div>\n<\/div>\n<div class=\"fix-2c float-left\">\n<div class=\"float-left\">ja<\/div>\n<\/div>\n<\/div>\n<\/div>\n<div class=\"pad-8v\">\n<div class=\"pad-4v clearfix\">\n<h3 class=\"fs-10re float-left\"><b>Allgemein<\/b><\/h3>\n<\/div>\n<hr \/>\n<div class=\" pad-2v clearfix\">\n<div class=\"fix-2c float-left\">\n<div class=\"float-left\">Farbe<\/div>\n<\/div>\n<div class=\"fix-2c float-left\">\n<div class=\"float-left\">schwarz, matt<\/div>\n<\/div>\n<\/div>\n<div class=\"bgcl-01 pad-2v clearfix\">\n<div class=\"fix-2c float-left\">\n<div class=\"float-left\">L\u00e4nge (mm)<\/div>\n<\/div>\n<div class=\"fix-2c float-left\">\n<div class=\"float-left\">68<\/div>\n<\/div>\n<\/div>\n<div class=\" pad-2v clearfix\">\n<div class=\"fix-2c float-left\">\n<div class=\"float-left\">Gewicht (g)<\/div>\n<\/div>\n<div class=\"fix-2c float-left\">\n<div class=\"float-left\">112<\/div>\n<\/div>\n<\/div>\n<div class=\"bgcl-01 pad-2v clearfix\">\n<div class=\"fix-2c float-left\">\n<div class=\"float-left\">Serie<\/div>\n<\/div>\n<div class=\"fix-2c float-left\">\n<div class=\"float-left\">RED DOT<\/div>\n<\/div>\n<\/div>\n<\/div>\n<div class=\"pad-8v\">\n<div class=\"pad-4v clearfix\">\n<h3 class=\"fs-10re float-left\"><b>Anwendungsgebiete<\/b><\/h3>\n<\/div>\n<hr \/>\n<div class=\" pad-2v clearfix\">\n<div class=\"fix-2c float-left\">\n<div class=\"float-left\">Pirsch<\/div>\n<\/div>\n<div class=\"fix-2c float-left\">\n<div class=\"float-left\">gut<\/div>\n<\/div>\n<\/div>\n<div class=\"bgcl-01 pad-2v clearfix\">\n<div class=\"fix-2c float-left\">\n<div class=\"float-left\">Ansitz<\/div>\n<\/div>\n<div class=\"fix-2c float-left\">\n<div class=\"float-left\">mittel<\/div>\n<\/div>\n<\/div>\n<div class=\" pad-2v clearfix\">\n<div class=\"fix-2c float-left\">\n<div class=\"float-left\">Dr\u00fcckjagd<\/div>\n<\/div>\n<div class=\"fix-2c float-left\">\n<div class=\"float-left\">sehr gut<\/div>\n<\/div>\n<\/div>\n<div class=\"bgcl-01 pad-2v clearfix\">\n<div class=\"fix-2c float-left\">\n<div class=\"float-left\">Magnumkaliber<\/div>\n<\/div>\n<div class=\"fix-2c float-left\">\n<div class=\"float-left\">&#8211;<\/div>\n<\/div>\n<\/div>\n<div class=\" pad-2v clearfix\">\n<div class=\"fix-2c float-left\">\n<div class=\"float-left\">weite Distanz<\/div>\n<\/div>\n<div class=\"fix-2c float-left\">\n<div class=\"float-left\">&#8211;<\/div>\n<\/div>\n<\/div>\n<div class=\"bgcl-01 pad-2v clearfix\">\n<div class=\"fix-2c float-left\">\n<div class=\"float-left\">Luftgewehr (&lt; 7,5 Joule)<\/div>\n<\/div>\n<div class=\"fix-2c float-left\">\n<div class=\"float-left\">&#8211;<\/div>\n<\/div>\n<\/div>\n<div class=\" pad-2v clearfix\">\n<div class=\"fix-2c float-left\">\n<div class=\"float-left\">Luftgewehr (&gt; 7,5 Joule)<\/div>\n<\/div>\n<div class=\"fix-2c float-left\">\n<div class=\"float-left\">&#8211;<\/div>\n<\/div>\n<\/div>\n<div class=\"bgcl-01 pad-2v clearfix\">\n<div class=\"fix-2c float-left\">\n<div class=\"float-left\">Kurzwaffe<\/div>\n<\/div>\n<div class=\"fix-2c float-left\"><\/div>\n<\/div>\n<\/div>\n<\/div>\n<\/div>\n<\/div>\n<\/div>\n<\/div>\n<p><!--nextpage--><\/p>\n","protected":false},"excerpt":{"rendered":"<p>Geco Red Dot 1&#215;20 Gen II Neues Rotpunktvisier f\u00fcr Jagd und Schie\u00dfsport Das neue,\u00a0wasserdichte GECO Red Dot 1&#215;20 Gen II\u00a0ist ein zuverl\u00e4ssiger\u00a0Dr\u00fcckjagdbegleiter\u00a0bei allen Wetterlagen. Das Ger\u00e4t wird mit Klarsicht Flip-Up-Covern ausgeliefert, sodass ein Einsatz mit freier Sicht zu jeder Zeit m\u00f6glich ist. Der in 11 Stufen einstellbare 2 MOA Leuchtpunkt erm\u00f6glicht auch bei schwierigen Lichtverh\u00e4ltnissen [&hellip;]<\/p>\n","protected":false},"author":1,"featured_media":0,"parent":51,"menu_order":0,"comment_status":"closed","ping_status":"closed","template":"","meta":{"footnotes":""},"categories":[],"tags":[],"class_list":["post-403","page","type-page","status-publish","hentry"],"_links":{"self":[{"href":"http:\/\/cleverjagen.eu\/index.php?rest_route=\/wp\/v2\/pages\/403","targetHints":{"allow":["GET"]}}],"collection":[{"href":"http:\/\/cleverjagen.eu\/index.php?rest_route=\/wp\/v2\/pages"}],"about":[{"href":"http:\/\/cleverjagen.eu\/index.php?rest_route=\/wp\/v2\/types\/page"}],"author":[{"embeddable":true,"href":"http:\/\/cleverjagen.eu\/index.php?rest_route=\/wp\/v2\/users\/1"}],"replies":[{"embeddable":true,"href":"http:\/\/cleverjagen.eu\/index.php?rest_route=%2Fwp%2Fv2%2Fcomments&post=403"}],"version-history":[{"count":5,"href":"http:\/\/cleverjagen.eu\/index.php?rest_route=\/wp\/v2\/pages\/403\/revisions"}],"predecessor-version":[{"id":2400,"href":"http:\/\/cleverjagen.eu\/index.php?rest_route=\/wp\/v2\/pages\/403\/revisions\/2400"}],"up":[{"embeddable":true,"href":"http:\/\/cleverjagen.eu\/index.php?rest_route=\/wp\/v2\/pages\/51"}],"wp:attachment":[{"href":"http:\/\/cleverjagen.eu\/index.php?rest_route=%2Fwp%2Fv2%2Fmedia&parent=403"}],"wp:term":[{"taxonomy":"category","embeddable":true,"href":"http:\/\/cleverjagen.eu\/index.php?rest_route=%2Fwp%2Fv2%2Fcategories&post=403"},{"taxonomy":"post_tag","embeddable":true,"href":"http:\/\/cleverjagen.eu\/index.php?rest_route=%2Fwp%2Fv2%2Ftags&post=403"}],"curies":[{"name":"wp","href":"https:\/\/api.w.org\/{rel}","templated":true}]}}