{"id":402,"date":"2018-03-29T22:47:59","date_gmt":"2018-03-29T20:47:59","guid":{"rendered":"http:\/\/cleverjagen.eu\/?page_id=402"},"modified":"2024-11-20T17:15:18","modified_gmt":"2024-11-20T16:15:18","slug":"fernglaeser-2","status":"publish","type":"page","link":"http:\/\/cleverjagen.eu\/?page_id=402","title":{"rendered":"Zielfernrohre"},"content":{"rendered":"\n<p>GPO Spectra\u2122 5x 3-15x56i<\/p>\n\n\n\n<figure class=\"wp-block-image size-large is-resized\"><img loading=\"lazy\" decoding=\"async\" src=\"http:\/\/cleverjagen.eu\/wp-content\/uploads\/2024\/11\/image-1024x576.png\" alt=\"\" class=\"wp-image-2401\" width=\"840\" height=\"472\" srcset=\"http:\/\/cleverjagen.eu\/wp-content\/uploads\/2024\/11\/image-1024x576.png 1024w, http:\/\/cleverjagen.eu\/wp-content\/uploads\/2024\/11\/image-300x169.png 300w, http:\/\/cleverjagen.eu\/wp-content\/uploads\/2024\/11\/image-768x432.png 768w, http:\/\/cleverjagen.eu\/wp-content\/uploads\/2024\/11\/image-1536x864.png 1536w, http:\/\/cleverjagen.eu\/wp-content\/uploads\/2024\/11\/image-848x477.png 848w, http:\/\/cleverjagen.eu\/wp-content\/uploads\/2024\/11\/image-1140x641.png 1140w, http:\/\/cleverjagen.eu\/wp-content\/uploads\/2024\/11\/image-1170x658.png 1170w, http:\/\/cleverjagen.eu\/wp-content\/uploads\/2024\/11\/image.png 1890w\" sizes=\"auto, (max-width: 840px) 100vw, 840px\" \/><\/figure>\n\n\n\n<p><a href=\"https:\/\/www.akah.de\/zielfernrohre\/gpo-spectra-5x-3-15x56i-51017015?z=gpo+leuchtpunkt&amp;z2=0#nav-productdetails\"><strong>Produktdetails<\/strong><\/a><\/p>\n\n\n\n<p>Die Auswahl an GPO Zielfernrohren ist genau auf Ihre Bed\u00fcrfnisse bei der Jagd und beim Sportschie\u00dfen abgestimmt. Flexibel in praktisch jeder Jagdsituation und selbst bei widrigsten Lichtverh\u00e4ltnissen bieten sie hervorragende Leistungsdaten bei Transmission, Sehfeld und Austrittspupille. Dies erreichen wir durch den Einsatz von HD-Linsen, fortschrittlichen Mehrschichtverg\u00fctungen und optischen Berechnungen. Die Ballistik-T\u00fcrme k\u00f6nnen werkzeuglos genullt werden und bieten f\u00fcr J\u00e4ger oder Sportsch\u00fctzen durch einen gro\u00dfen Verstellbereich eine pr\u00e4zise und schnelle Zielerfassung bei weiten Sch\u00fcssen. Neben dem extrem feinen Leuchtpunkt- und Faserabsehen (Made in Germany) bieten wir auch eine Auswahl ballistischer Absehen der ersten und zweiten Bildebene an. Zudem sind alle Leuchtabsehen mit unserer iControl\u2122 Abschal-tautomatik ausgestattet, die in Bayern f\u00fcr uns gefertigt wird. Von 4-fach bis 8-fach-Zoom erf\u00fcllen die GPO SPECTRA\u2122 Zielfernrohre Ihre Aufgaben unter allen Jagd- und Schie\u00dfbedingungen und bieten Ihnen, was Sie brauchen, um Ihre Leidenschaft wirklich zu genie\u00dfen.<\/p>\n\n\n\n<p>In der D\u00e4mmerung zu Hause. Mit dem Ziel einer hohen D\u00e4mmerungsleistung, bieten die SPECTRA\u2122 5-fach-Zielfernrohrmodelle pr\u00e4zise, zuverl\u00e4ssige und qualitativ hochwertige Leistung f\u00fcr unterschiedliche Anwendungen. 30mm Mittenrohr, GPObright\u2122 Linsenbeschichtungen und iControl\u2122 Beleuchtungstechnik sind nur einige der Merkmale, die Sie in diesen Modellen finden. Vollgepackt mit Leistung, damit Sie Ihre Leidenschaft genie\u00dfen k\u00f6nnen. Dieses Zielfernrohr bietet dem Sch\u00fctzen zus\u00e4tzliche Vorteile, da es eine h\u00f6here Vergr\u00f6\u00dferung und ein gr\u00f6\u00dferes Objektiv aufweist, das sich am besten f\u00fcr das Schie\u00dfen bei schlechten Lichtverh\u00e4ltnissen eignet. Das 56mm-Objektiv macht das Modell 3-15x56i zur idealen Wahl f\u00fcr den Einsatz bei schwierigsten Lichtverh\u00e4ltnissen.<\/p>\n\n\n\n<p><strong><a href=\"https:\/\/www.akah.de\/mstream.ashx?id=27335047&amp;lp=638215545173500000\">&gt;&gt; Weitere technische Daten und Deckungsma\u00dfe der Absehen &lt;&lt;<\/a><\/strong><\/p>\n\n\n\n<ul class=\"wp-block-list\"><li>30 mm-Mittelrohr<\/li><li>56 mm Objektivdurchmesser<\/li><li>Doppelte HD-Objektivlinsen<\/li><li>Abdeckkappen aus Aluminium<\/li><li>1 CM \/ CW-Drehung<\/li><li>GPObright\u2122-Objektivbeschichtung<\/li><li>iControl\u2122 Abschaltautomatik<\/li><li>Extrem feines und helles Faserabsehen (Made in Germany)<\/li><\/ul>\n\n\n\n<p><strong>Technische Daten:<\/strong><\/p>\n\n\n\n<ul class=\"wp-block-list\"><li>Absehen:\u00a0G4i<\/li><li>Austrittspupille \u00d8 [mm]: 9,5 &#8211; 3,7<\/li><li>Sehfeld auf 100 m: 11,1 &#8211; 2,3<\/li><li>Transmission: 90%<\/li><li>Mittelrohr \u00d8: 30<\/li><li>L\u00e4nge [mm]: 360<\/li><li>Gewicht [g]: 830<\/li><\/ul>\n\n\n\n\n\n<!--nextpage-->\n\n\n\n<p><\/p>\n\n\n","protected":false},"excerpt":{"rendered":"<p>GPO Spectra\u2122 5x 3-15x56i Produktdetails Die Auswahl an GPO Zielfernrohren ist genau auf Ihre Bed\u00fcrfnisse bei der Jagd und beim Sportschie\u00dfen abgestimmt. Flexibel in praktisch jeder Jagdsituation und selbst bei widrigsten Lichtverh\u00e4ltnissen bieten sie hervorragende Leistungsdaten bei Transmission, Sehfeld und Austrittspupille. Dies erreichen wir durch den Einsatz von HD-Linsen, fortschrittlichen Mehrschichtverg\u00fctungen und optischen Berechnungen. Die [&hellip;]<\/p>\n","protected":false},"author":1,"featured_media":0,"parent":51,"menu_order":0,"comment_status":"closed","ping_status":"closed","template":"","meta":{"footnotes":""},"categories":[],"tags":[],"class_list":["post-402","page","type-page","status-publish","hentry"],"_links":{"self":[{"href":"http:\/\/cleverjagen.eu\/index.php?rest_route=\/wp\/v2\/pages\/402","targetHints":{"allow":["GET"]}}],"collection":[{"href":"http:\/\/cleverjagen.eu\/index.php?rest_route=\/wp\/v2\/pages"}],"about":[{"href":"http:\/\/cleverjagen.eu\/index.php?rest_route=\/wp\/v2\/types\/page"}],"author":[{"embeddable":true,"href":"http:\/\/cleverjagen.eu\/index.php?rest_route=\/wp\/v2\/users\/1"}],"replies":[{"embeddable":true,"href":"http:\/\/cleverjagen.eu\/index.php?rest_route=%2Fwp%2Fv2%2Fcomments&post=402"}],"version-history":[{"count":7,"href":"http:\/\/cleverjagen.eu\/index.php?rest_route=\/wp\/v2\/pages\/402\/revisions"}],"predecessor-version":[{"id":2403,"href":"http:\/\/cleverjagen.eu\/index.php?rest_route=\/wp\/v2\/pages\/402\/revisions\/2403"}],"up":[{"embeddable":true,"href":"http:\/\/cleverjagen.eu\/index.php?rest_route=\/wp\/v2\/pages\/51"}],"wp:attachment":[{"href":"http:\/\/cleverjagen.eu\/index.php?rest_route=%2Fwp%2Fv2%2Fmedia&parent=402"}],"wp:term":[{"taxonomy":"category","embeddable":true,"href":"http:\/\/cleverjagen.eu\/index.php?rest_route=%2Fwp%2Fv2%2Fcategories&post=402"},{"taxonomy":"post_tag","embeddable":true,"href":"http:\/\/cleverjagen.eu\/index.php?rest_route=%2Fwp%2Fv2%2Ftags&post=402"}],"curies":[{"name":"wp","href":"https:\/\/api.w.org\/{rel}","templated":true}]}}