{"id":368,"date":"2018-03-29T22:35:04","date_gmt":"2018-03-29T20:35:04","guid":{"rendered":"http:\/\/cleverjagen.eu\/?page_id=368"},"modified":"2024-11-20T11:33:11","modified_gmt":"2024-11-20T10:33:11","slug":"leinen-4","status":"publish","type":"page","link":"http:\/\/cleverjagen.eu\/?page_id=368","title":{"rendered":"Futter"},"content":{"rendered":"<header id=\"masthead\" class=\"site-header clearfix spacious-header-display-one\">\n<div class=\"header-post-title-container clearfix\">\n<div class=\"inner-wrap\">\n<div class=\"post-title-wrapper\">\n<h1 class=\"header-post-title-class entry-title\">AKAH NaturVital\u00ae<\/h1>\n<\/div>\n<\/div>\n<\/div>\n<\/header>\n<div id=\"main\" class=\"clearfix\">\n<div class=\"inner-wrap\">\n<div id=\"primary\">\n<div id=\"content\" class=\"clearfix\">\n<article id=\"post-22\" class=\"post-22 page type-page status-publish hentry\">\n<div class=\"entry-content clearfix\">\n<p><img loading=\"lazy\" decoding=\"async\" class=\"wp-image-1757 size-full alignleft\" src=\"https:\/\/www.akah-naturvital.de\/wp-content\/uploads\/2019\/08\/futters%C3%A4cke.jpg\" sizes=\"auto, (max-width: 400px) 100vw, 400px\" srcset=\"https:\/\/www.akah-naturvital.de\/wp-content\/uploads\/2019\/08\/futters\u00e4cke.jpg 400w, https:\/\/www.akah-naturvital.de\/wp-content\/uploads\/2019\/08\/futters\u00e4cke-256x300.jpg 256w\" alt=\"\" width=\"400\" height=\"468\" \/><\/p>\n<h2><strong>NaturVital<sup>\u00ae<\/sup>\u00a0Futter f\u00fcr Jagdhunde<\/strong><\/h2>\n<p>Dieses Futter wurde<strong>\u00a0speziell f\u00fcr Jagdhunde<\/strong>\u00a0entwickelt. Es enth\u00e4lt alle wichtigen Teile einer nat\u00fcrlichen Beute.<\/p>\n<p>NaturVital<sup>\u00ae<\/sup>\u00a0Futter ist\u00a0<strong>frei von chemischen Zutaten<\/strong>\u00a0wie Lock-, Farb- und Konservierungsstoffen, gentechnisch ver\u00e4nderten Bestandteilen, Zucker und Soja. Die naturnahe Zusammensetzung, das schonende Herstellungsverfahren und die ausgewogenen Inhaltsstoffe sprechen f\u00fcr sich!<\/p>\n<p>Die Gesundheit Ihres Hundes und seine Vitalit\u00e4t wird es Ihnen jeden Tag aufs Neue beweisen!<\/p>\n<p>Die im Futter enthaltene spezielle Kr\u00e4uter-Knoblauch-Mischung unterst\u00fctzt ern\u00e4hrungsbedingt die Entschlackung, kann den Eigengeruch hemmen und kann sich positiv auf den Hautstoffwechsel des Jagdhundes auswirken. Es sorgt somit f\u00fcr eine\u00a0<strong>rundum gesunde Haut<\/strong>! Und l\u00e4stige Besucher f\u00fchlen sich nicht wohl, denn die beste Prophylaxe gegen Flohbefall ist ein gesunder Hund mit gesunder Haut!<\/p>\n<p>Erh\u00e4ltlich als 5kg oder 14kg Sack.<\/p>\n<hr \/>\n<p><strong>Zusammensetzung:<\/strong><br \/>\nGefl\u00fcgeltrockenfleisch gemahlen 28%, Vollkornmais gemahlen, Vollkornreis gemahlen 14%, Trockenpansen gemahlen 6%, Reiskeime, Fisch\u00f6l, Hanf\u00f6l kaltgepresst, Kr\u00e4uterpflanzen getrocknet und gemahlen, Wurzeln getrocknet, Alfalfa getrocknet, Knoblauchpulver, Algen getrocknet, Traubenkernmehl, Eigelb getrocknet.<\/p>\n<p><img loading=\"lazy\" decoding=\"async\" class=\"alignnone wp-image-1792 size-full\" src=\"https:\/\/www.akah-naturvital.de\/wp-content\/uploads\/2019\/09\/Schaubild_NaturVital.png\" sizes=\"auto, (max-width: 1000px) 100vw, 1000px\" srcset=\"https:\/\/www.akah-naturvital.de\/wp-content\/uploads\/2019\/09\/Schaubild_NaturVital.png 1000w, https:\/\/www.akah-naturvital.de\/wp-content\/uploads\/2019\/09\/Schaubild_NaturVital-300x165.png 300w, https:\/\/www.akah-naturvital.de\/wp-content\/uploads\/2019\/09\/Schaubild_NaturVital-768x422.png 768w\" alt=\"\" width=\"1000\" height=\"549\" \/><\/p>\n<p><strong>Wussten Sie\u2019s?<\/strong>\u00a0Auf folgender Seite erkl\u00e4ren wir unsere\u00a0<strong><a href=\"http:\/\/akah-naturvital.de\/trockenfutter-fuer-hunde\/inhaltsstoffe\/#naturvital\">Zusammensetzung<\/a><\/strong>\u00a0und warum die einzelnen Bestandteile f\u00fcr den Hund wichtig sind!<\/p>\n<hr \/>\n<p>\u2013<\/p>\n<p><img loading=\"lazy\" decoding=\"async\" class=\"alignright wp-image-676\" src=\"http:\/\/akah-naturvital.de\/wp-content\/uploads\/2016\/11\/Futter-Pellets-300x224.jpg\" sizes=\"auto, (max-width: 435px) 100vw, 435px\" srcset=\"https:\/\/www.akah-naturvital.de\/wp-content\/uploads\/2016\/11\/Futter-Pellets-300x224.jpg 300w, https:\/\/www.akah-naturvital.de\/wp-content\/uploads\/2016\/11\/Futter-Pellets.jpg 500w\" alt=\"\" width=\"435\" height=\"325\" \/><\/p>\n<p><strong>Inhaltsstoffe je KG:<\/strong><\/p>\n<div>\n<table id=\"tablepress-3\" class=\"tablepress tablepress-id-3\">\n<tbody class=\"row-hover\">\n<tr class=\"row-1 odd\">\n<td class=\"column-1\">Rohprotein<\/td>\n<td class=\"column-2\">26,0%<\/td>\n<\/tr>\n<tr class=\"row-2 even\">\n<td class=\"column-1\">Rohfett<\/td>\n<td class=\"column-2\">10%<\/td>\n<\/tr>\n<tr class=\"row-3 odd\">\n<td class=\"column-1\">Rohfaser<\/td>\n<td class=\"column-2\">3,8%<\/td>\n<\/tr>\n<tr class=\"row-4 even\">\n<td class=\"column-1\">Rohasche<\/td>\n<td class=\"column-2\">7,0%<\/td>\n<\/tr>\n<tr class=\"row-5 odd\">\n<td class=\"column-1\">Calcium<\/td>\n<td class=\"column-2\">1,35%<\/td>\n<\/tr>\n<tr class=\"row-6 even\">\n<td class=\"column-1\">Phosphor<\/td>\n<td class=\"column-2\">1,0%<\/td>\n<\/tr>\n<tr class=\"row-7 odd\">\n<td class=\"column-1\">Natrium<\/td>\n<td class=\"column-2\">0,35%<\/td>\n<\/tr>\n<\/tbody>\n<\/table>\n<\/div>\n<p><strong>Ern\u00e4hrungsphysiologische Zusatzstoffe je KG:<\/strong><\/p>\n<p>Vitamine, Provitamine und \u00e4hnlich wirkende Stoffe:<\/p>\n<div>\n<table id=\"tablepress-1\" class=\"tablepress tablepress-id-1\">\n<tbody class=\"row-hover\">\n<tr class=\"row-1 odd\">\n<td class=\"column-1\">Vitamin A<\/td>\n<td class=\"column-2\">12000 i.E.<\/td>\n<td class=\"column-3\"><\/td>\n<td class=\"column-4\"><\/td>\n<td class=\"column-5\"><\/td>\n<\/tr>\n<tr class=\"row-2 even\">\n<td class=\"column-1\">Vitamin D3<\/td>\n<td class=\"column-2\">1200 i.E.<\/td>\n<td class=\"column-3\"><\/td>\n<td class=\"column-4\"><\/td>\n<td class=\"column-5\"><\/td>\n<\/tr>\n<tr class=\"row-3 odd\">\n<td class=\"column-1\">Vitamin E als all rak-alpha-Tocopherylacetat<\/td>\n<td class=\"column-2\">200mg<\/td>\n<td class=\"column-3\"><\/td>\n<td class=\"column-4\"><\/td>\n<td class=\"column-5\"><\/td>\n<\/tr>\n<tr class=\"row-4 even\">\n<td class=\"column-1\">Vitamin B1 als Thiaminmononitrat<\/td>\n<td class=\"column-2\">4,0mg<\/td>\n<td class=\"column-3\"><\/td>\n<td class=\"column-4\"><\/td>\n<td class=\"column-5\"><\/td>\n<\/tr>\n<tr class=\"row-5 odd\">\n<td class=\"column-1\">Vitamin B2 als Riboflavin<\/td>\n<td class=\"column-2\">8,0mg<\/td>\n<td class=\"column-3\"><\/td>\n<td class=\"column-4\"><\/td>\n<td class=\"column-5\"><\/td>\n<\/tr>\n<tr class=\"row-6 even\">\n<td class=\"column-1\">Vitamin B6 als Pyridoxinhydrochlorid<\/td>\n<td class=\"column-2\">4,8mg<\/td>\n<td class=\"column-3\"><\/td>\n<td class=\"column-4\"><\/td>\n<td class=\"column-5\"><\/td>\n<\/tr>\n<tr class=\"row-7 odd\">\n<td class=\"column-1\">Vitamin B12<\/td>\n<td class=\"column-2\">48\u03bcg<\/td>\n<td class=\"column-3\"><\/td>\n<td class=\"column-4\"><\/td>\n<td class=\"column-5\"><\/td>\n<\/tr>\n<tr class=\"row-8 even\">\n<td class=\"column-1\">Biotin als D-(+)-Biotin<\/td>\n<td class=\"column-2\">241\u03bcg<\/td>\n<td class=\"column-3\"><\/td>\n<td class=\"column-4\"><\/td>\n<td class=\"column-5\"><\/td>\n<\/tr>\n<tr class=\"row-9 odd\">\n<td class=\"column-1\">Fols\u00e4ure<\/td>\n<td class=\"column-2\">0,40mg<\/td>\n<td class=\"column-3\"><\/td>\n<td class=\"column-4\"><\/td>\n<td class=\"column-5\"><\/td>\n<\/tr>\n<tr class=\"row-10 even\">\n<td class=\"column-1\">Niacin<\/td>\n<td class=\"column-2\">24,1mg<\/td>\n<td class=\"column-3\"><\/td>\n<td class=\"column-4\"><\/td>\n<td class=\"column-5\"><\/td>\n<\/tr>\n<tr class=\"row-11 odd\">\n<td class=\"column-1\">Vitamin C als L-Ascorbins\u00e4ure<\/td>\n<td class=\"column-2\">160mg<\/td>\n<td class=\"column-3\"><\/td>\n<td class=\"column-4\"><\/td>\n<td class=\"column-5\"><\/td>\n<\/tr>\n<tr class=\"row-12 even\">\n<td class=\"column-1\">Pantothens\u00e4ure als Calcium-D-Pantothenat<\/td>\n<td class=\"column-2\">8,0mg<\/td>\n<td class=\"column-3\"><\/td>\n<td class=\"column-4\"><\/td>\n<td class=\"column-5\"><\/td>\n<\/tr>\n<tr class=\"row-13 odd\">\n<td class=\"column-1\">Cholinchlorid<\/td>\n<td class=\"column-2\">1300mg<\/td>\n<td class=\"column-3\"><\/td>\n<td class=\"column-4\"><\/td>\n<td class=\"column-5\"><\/td>\n<\/tr>\n<\/tbody>\n<\/table>\n<\/div>\n<div><\/div>\n<p>Spurenelemente:<\/p>\n<div>\n<table id=\"tablepress-2\" class=\"tablepress tablepress-id-2\">\n<tbody class=\"row-hover\">\n<tr class=\"row-1 odd\">\n<td class=\"column-1\">Mangan als Mangan-(II)-oxid<\/td>\n<td class=\"column-2\">50mg<\/td>\n<\/tr>\n<tr class=\"row-2 even\">\n<td class=\"column-1\">Kupfer als Kupfer-(II)-oxid<\/td>\n<td class=\"column-2\">10mg<\/td>\n<\/tr>\n<tr class=\"row-3 odd\">\n<td class=\"column-1\">Zink als Zinkoxid<\/td>\n<td class=\"column-2\">70mg<\/td>\n<\/tr>\n<tr class=\"row-4 even\">\n<td class=\"column-1\">Jod als Calciumjodid<\/td>\n<td class=\"column-2\">1,5mg<\/td>\n<\/tr>\n<\/tbody>\n<\/table>\n<\/div>\n<hr \/>\n<p><img loading=\"lazy\" decoding=\"async\" class=\"alignleft wp-image-463 \" src=\"http:\/\/akah-naturvital.de\/wp-content\/uploads\/2016\/06\/PD150143.jpg\" sizes=\"auto, (max-width: 400px) 100vw, 400px\" srcset=\"https:\/\/www.akah-naturvital.de\/wp-content\/uploads\/2016\/06\/PD150143.jpg 540w, https:\/\/www.akah-naturvital.de\/wp-content\/uploads\/2016\/06\/PD150143-289x300.jpg 289w\" width=\"400\" height=\"415\" \/><\/p>\n<p><strong>GARANTIERT NICHT ENTHALTEN!<\/strong>.<br \/>\nZus\u00e4tze sind ins Gerede gekommen \u2013 und meist zu Recht. AKAH NaturVital<sup>\u00ae<\/sup>\u00a0Futter ist garantiert frei von Konservierungsmitteln, Farb- oder Lockstoffen, Schweinefleisch, stark erhitzten Fetten, anorganischen Mineralien, Gro\u00dfk\u00fcchenabf\u00e4llen, Brot, Milchprodukten, Zucker, Soja sowie gentechnisch ver\u00e4nderten Bestandteilen..<\/p>\n<p><strong>F\u00fctterungsempfehlung<\/strong>.<br \/>\nCirca 1,2% vom K\u00f6rpergewicht, z.B. ein 10 kg schwerer Hund bekommt ca. 120 Gramm Futter (Tagesration). Welpen k\u00f6nnen bereits ab der 4. Lebenswoche mit dieser hochwertigen Hundevollkost ern\u00e4hrt werden. Durch die spezielle weiche Pressbrockenform kann das Futter bereits an Welpen sowie Junghunde gef\u00fcttert werden.<\/p>\n<p>Frisches Wasser sollte dem Hund separat in ausreichender Menge zur Verf\u00fcgung stehen.<br \/>\n.<br \/>\n.<\/p>\n<\/div>\n<\/article>\n<\/div>\n<\/div>\n<\/div>\n<\/div>\n<p style=\"text-align: center;\">\n","protected":false},"excerpt":{"rendered":"<p>AKAH NaturVital\u00ae NaturVital\u00ae\u00a0Futter f\u00fcr Jagdhunde Dieses Futter wurde\u00a0speziell f\u00fcr Jagdhunde\u00a0entwickelt. Es enth\u00e4lt alle wichtigen Teile einer nat\u00fcrlichen Beute. NaturVital\u00ae\u00a0Futter ist\u00a0frei von chemischen Zutaten\u00a0wie Lock-, Farb- und Konservierungsstoffen, gentechnisch ver\u00e4nderten Bestandteilen, Zucker und Soja. Die naturnahe Zusammensetzung, das schonende Herstellungsverfahren und die ausgewogenen Inhaltsstoffe sprechen f\u00fcr sich! Die Gesundheit Ihres Hundes und seine Vitalit\u00e4t wird es [&hellip;]<\/p>\n","protected":false},"author":1,"featured_media":0,"parent":77,"menu_order":0,"comment_status":"closed","ping_status":"closed","template":"","meta":{"footnotes":""},"categories":[],"tags":[],"class_list":["post-368","page","type-page","status-publish","hentry"],"_links":{"self":[{"href":"http:\/\/cleverjagen.eu\/index.php?rest_route=\/wp\/v2\/pages\/368","targetHints":{"allow":["GET"]}}],"collection":[{"href":"http:\/\/cleverjagen.eu\/index.php?rest_route=\/wp\/v2\/pages"}],"about":[{"href":"http:\/\/cleverjagen.eu\/index.php?rest_route=\/wp\/v2\/types\/page"}],"author":[{"embeddable":true,"href":"http:\/\/cleverjagen.eu\/index.php?rest_route=\/wp\/v2\/users\/1"}],"replies":[{"embeddable":true,"href":"http:\/\/cleverjagen.eu\/index.php?rest_route=%2Fwp%2Fv2%2Fcomments&post=368"}],"version-history":[{"count":10,"href":"http:\/\/cleverjagen.eu\/index.php?rest_route=\/wp\/v2\/pages\/368\/revisions"}],"predecessor-version":[{"id":2386,"href":"http:\/\/cleverjagen.eu\/index.php?rest_route=\/wp\/v2\/pages\/368\/revisions\/2386"}],"up":[{"embeddable":true,"href":"http:\/\/cleverjagen.eu\/index.php?rest_route=\/wp\/v2\/pages\/77"}],"wp:attachment":[{"href":"http:\/\/cleverjagen.eu\/index.php?rest_route=%2Fwp%2Fv2%2Fmedia&parent=368"}],"wp:term":[{"taxonomy":"category","embeddable":true,"href":"http:\/\/cleverjagen.eu\/index.php?rest_route=%2Fwp%2Fv2%2Fcategories&post=368"},{"taxonomy":"post_tag","embeddable":true,"href":"http:\/\/cleverjagen.eu\/index.php?rest_route=%2Fwp%2Fv2%2Ftags&post=368"}],"curies":[{"name":"wp","href":"https:\/\/api.w.org\/{rel}","templated":true}]}}