{"id":264,"date":"2018-03-29T19:53:33","date_gmt":"2018-03-29T17:53:33","guid":{"rendered":"http:\/\/cleverjagen.eu\/?page_id=264"},"modified":"2024-06-12T14:17:06","modified_gmt":"2024-06-12T12:17:06","slug":"waffenzubehoer-2","status":"publish","type":"page","link":"http:\/\/cleverjagen.eu\/?page_id=264","title":{"rendered":"Waffen, Munition und Zubeh\u00f6r"},"content":{"rendered":"<p>[vc_row][vc_column][\/vc_column][\/vc_row][vc_row][vc_column][vc_column_text]Sie erhalten bei uns: Waffen auch andere Hersteller die evtl bei den Neuwaffen nicht aufgef\u00fchrt sind, Munition,\u00a0 Produkte der Marke BALLISTOL, Putzst\u00f6cke, u. a. zur Waffenreinigung und Pflege.<\/p>\n<p>Gewehrriemen aus hochwertigem Leder oder Produkte von NIGGELOH, Futterale \/ Koffer, Pufferpatronen und Waffenschr\u00e4nke der neuesten Generation.<br \/>\nBitte haben Sie hier Verst\u00e4ndnis das wir nicht alle Produkte Lagerm\u00e4\u00dfig f\u00fchren.[\/vc_column_text][\/vc_column][\/vc_row]<\/p>\n<p><img loading=\"lazy\" decoding=\"async\" class=\"alignnone size-full wp-image-1937\" src=\"http:\/\/cleverjagen.eu\/wp-content\/uploads\/2022\/12\/20221129_114418-scaled.jpg\" alt=\"\" width=\"2560\" height=\"1183\" srcset=\"http:\/\/cleverjagen.eu\/wp-content\/uploads\/2022\/12\/20221129_114418-scaled.jpg 2560w, http:\/\/cleverjagen.eu\/wp-content\/uploads\/2022\/12\/20221129_114418-300x139.jpg 300w, http:\/\/cleverjagen.eu\/wp-content\/uploads\/2022\/12\/20221129_114418-1024x473.jpg 1024w, http:\/\/cleverjagen.eu\/wp-content\/uploads\/2022\/12\/20221129_114418-768x355.jpg 768w, http:\/\/cleverjagen.eu\/wp-content\/uploads\/2022\/12\/20221129_114418-1536x710.jpg 1536w, http:\/\/cleverjagen.eu\/wp-content\/uploads\/2022\/12\/20221129_114418-2048x946.jpg 2048w, http:\/\/cleverjagen.eu\/wp-content\/uploads\/2022\/12\/20221129_114418-848x392.jpg 848w, http:\/\/cleverjagen.eu\/wp-content\/uploads\/2022\/12\/20221129_114418-1140x527.jpg 1140w, http:\/\/cleverjagen.eu\/wp-content\/uploads\/2022\/12\/20221129_114418-1170x541.jpg 1170w, http:\/\/cleverjagen.eu\/wp-content\/uploads\/2022\/12\/20221129_114418-1920x887.jpg 1920w\" sizes=\"auto, (max-width: 2560px) 100vw, 2560px\" \/><img loading=\"lazy\" decoding=\"async\" class=\"alignnone size-full wp-image-1938\" src=\"http:\/\/cleverjagen.eu\/wp-content\/uploads\/2022\/12\/20221129_114314-scaled.jpg\" alt=\"\" width=\"2560\" height=\"1183\" srcset=\"http:\/\/cleverjagen.eu\/wp-content\/uploads\/2022\/12\/20221129_114314-scaled.jpg 2560w, http:\/\/cleverjagen.eu\/wp-content\/uploads\/2022\/12\/20221129_114314-300x139.jpg 300w, http:\/\/cleverjagen.eu\/wp-content\/uploads\/2022\/12\/20221129_114314-1024x473.jpg 1024w, http:\/\/cleverjagen.eu\/wp-content\/uploads\/2022\/12\/20221129_114314-768x355.jpg 768w, http:\/\/cleverjagen.eu\/wp-content\/uploads\/2022\/12\/20221129_114314-1536x710.jpg 1536w, http:\/\/cleverjagen.eu\/wp-content\/uploads\/2022\/12\/20221129_114314-2048x946.jpg 2048w, http:\/\/cleverjagen.eu\/wp-content\/uploads\/2022\/12\/20221129_114314-848x392.jpg 848w, http:\/\/cleverjagen.eu\/wp-content\/uploads\/2022\/12\/20221129_114314-1140x527.jpg 1140w, http:\/\/cleverjagen.eu\/wp-content\/uploads\/2022\/12\/20221129_114314-1170x541.jpg 1170w, http:\/\/cleverjagen.eu\/wp-content\/uploads\/2022\/12\/20221129_114314-1920x887.jpg 1920w\" sizes=\"auto, (max-width: 2560px) 100vw, 2560px\" \/><\/p>\n","protected":false},"excerpt":{"rendered":"<p>[vc_row][vc_column][\/vc_column][\/vc_row][vc_row][vc_column][vc_column_text]Sie erhalten bei uns: Waffen auch andere Hersteller die evtl bei den Neuwaffen nicht aufgef\u00fchrt sind, Munition,\u00a0 Produkte der Marke BALLISTOL, Putzst\u00f6cke, u. a. zur Waffenreinigung und Pflege. Gewehrriemen aus hochwertigem Leder oder Produkte von NIGGELOH, Futterale \/ Koffer, Pufferpatronen und Waffenschr\u00e4nke der neuesten Generation. Bitte haben Sie hier Verst\u00e4ndnis das wir nicht alle Produkte [&hellip;]<\/p>\n","protected":false},"author":1,"featured_media":1924,"parent":0,"menu_order":0,"comment_status":"closed","ping_status":"closed","template":"","meta":{"footnotes":""},"categories":[77],"tags":[],"class_list":["post-264","page","type-page","status-publish","has-post-thumbnail","hentry","category-frontseitenmodule"],"_links":{"self":[{"href":"http:\/\/cleverjagen.eu\/index.php?rest_route=\/wp\/v2\/pages\/264","targetHints":{"allow":["GET"]}}],"collection":[{"href":"http:\/\/cleverjagen.eu\/index.php?rest_route=\/wp\/v2\/pages"}],"about":[{"href":"http:\/\/cleverjagen.eu\/index.php?rest_route=\/wp\/v2\/types\/page"}],"author":[{"embeddable":true,"href":"http:\/\/cleverjagen.eu\/index.php?rest_route=\/wp\/v2\/users\/1"}],"replies":[{"embeddable":true,"href":"http:\/\/cleverjagen.eu\/index.php?rest_route=%2Fwp%2Fv2%2Fcomments&post=264"}],"version-history":[{"count":9,"href":"http:\/\/cleverjagen.eu\/index.php?rest_route=\/wp\/v2\/pages\/264\/revisions"}],"predecessor-version":[{"id":2369,"href":"http:\/\/cleverjagen.eu\/index.php?rest_route=\/wp\/v2\/pages\/264\/revisions\/2369"}],"wp:featuredmedia":[{"embeddable":true,"href":"http:\/\/cleverjagen.eu\/index.php?rest_route=\/wp\/v2\/media\/1924"}],"wp:attachment":[{"href":"http:\/\/cleverjagen.eu\/index.php?rest_route=%2Fwp%2Fv2%2Fmedia&parent=264"}],"wp:term":[{"taxonomy":"category","embeddable":true,"href":"http:\/\/cleverjagen.eu\/index.php?rest_route=%2Fwp%2Fv2%2Fcategories&post=264"},{"taxonomy":"post_tag","embeddable":true,"href":"http:\/\/cleverjagen.eu\/index.php?rest_route=%2Fwp%2Fv2%2Ftags&post=264"}],"curies":[{"name":"wp","href":"https:\/\/api.w.org\/{rel}","templated":true}]}}