{"id":254,"date":"2018-03-29T19:51:15","date_gmt":"2018-03-29T17:51:15","guid":{"rendered":"http:\/\/cleverjagen.eu\/?page_id=254"},"modified":"2018-03-30T12:09:09","modified_gmt":"2018-03-30T10:09:09","slug":"lockjagd","status":"publish","type":"page","link":"http:\/\/cleverjagen.eu\/?page_id=254","title":{"rendered":"Lockjagd"},"content":{"rendered":"<p>[vc_row][vc_column][vc_column_text]Egal ob Sie Rabenv\u00f6gel, Tauben oder Enten mit Hilfe von Lockv\u00f6geln bejagen, oder mit Lockinstrumenten das Wild \u00fcberlisten wollen Sie finden bei CleverJagen.eu die passenden Hilfsmittel.<br \/>\nMit den Natur-Produkten von ROTTUMTALER Wildlocker vom Lockjagd-Spezialisten KLAUS DEMMEL oder den bew\u00e4hrten Produkten von Klaus WEISSKIRCHEN und HUBERTUS mit dem BUTTOLO \u2013 Rehlocker sind Sie immer auf einer sicheren F\u00e4hrte.[\/vc_column_text][\/vc_column][\/vc_row]<\/p>\n","protected":false},"excerpt":{"rendered":"<p>[vc_row][vc_column][vc_column_text]Egal ob Sie Rabenv\u00f6gel, Tauben oder Enten mit Hilfe von Lockv\u00f6geln bejagen, oder mit Lockinstrumenten das Wild \u00fcberlisten wollen Sie finden bei CleverJagen.eu die passenden Hilfsmittel. Mit den Natur-Produkten von ROTTUMTALER Wildlocker vom Lockjagd-Spezialisten KLAUS DEMMEL oder den bew\u00e4hrten Produkten von Klaus WEISSKIRCHEN und HUBERTUS mit dem BUTTOLO \u2013 Rehlocker sind Sie immer auf einer [&hellip;]<\/p>\n","protected":false},"author":1,"featured_media":0,"parent":0,"menu_order":0,"comment_status":"closed","ping_status":"closed","template":"","meta":{"footnotes":""},"categories":[77],"tags":[],"class_list":["post-254","page","type-page","status-publish","hentry","category-frontseitenmodule"],"_links":{"self":[{"href":"http:\/\/cleverjagen.eu\/index.php?rest_route=\/wp\/v2\/pages\/254","targetHints":{"allow":["GET"]}}],"collection":[{"href":"http:\/\/cleverjagen.eu\/index.php?rest_route=\/wp\/v2\/pages"}],"about":[{"href":"http:\/\/cleverjagen.eu\/index.php?rest_route=\/wp\/v2\/types\/page"}],"author":[{"embeddable":true,"href":"http:\/\/cleverjagen.eu\/index.php?rest_route=\/wp\/v2\/users\/1"}],"replies":[{"embeddable":true,"href":"http:\/\/cleverjagen.eu\/index.php?rest_route=%2Fwp%2Fv2%2Fcomments&post=254"}],"version-history":[{"count":4,"href":"http:\/\/cleverjagen.eu\/index.php?rest_route=\/wp\/v2\/pages\/254\/revisions"}],"predecessor-version":[{"id":459,"href":"http:\/\/cleverjagen.eu\/index.php?rest_route=\/wp\/v2\/pages\/254\/revisions\/459"}],"wp:attachment":[{"href":"http:\/\/cleverjagen.eu\/index.php?rest_route=%2Fwp%2Fv2%2Fmedia&parent=254"}],"wp:term":[{"taxonomy":"category","embeddable":true,"href":"http:\/\/cleverjagen.eu\/index.php?rest_route=%2Fwp%2Fv2%2Fcategories&post=254"},{"taxonomy":"post_tag","embeddable":true,"href":"http:\/\/cleverjagen.eu\/index.php?rest_route=%2Fwp%2Fv2%2Ftags&post=254"}],"curies":[{"name":"wp","href":"https:\/\/api.w.org\/{rel}","templated":true}]}}