{"id":1411,"date":"2020-12-03T11:50:19","date_gmt":"2020-12-03T10:50:19","guid":{"rendered":"http:\/\/cleverjagen.eu\/?page_id=1411"},"modified":"2022-10-16T15:41:04","modified_gmt":"2022-10-16T13:41:04","slug":"schalldaempfer","status":"publish","type":"page","link":"http:\/\/cleverjagen.eu\/?page_id=1411","title":{"rendered":"Schalld\u00e4mpfer"},"content":{"rendered":"<p><strong>Hausken Schalld\u00e4mpfer (alle Preise excl. Gewindeadapter)<\/strong><\/p>\n<p><img loading=\"lazy\" decoding=\"async\" class=\"alignleft wp-image-765 size-full\" src=\"http:\/\/cleverjagen.eu\/wp-content\/uploads\/2018\/08\/DSC_2104-1.jpg\" sizes=\"auto, (max-width: 5504px) 100vw, 5504px\" srcset=\"http:\/\/cleverjagen.eu\/wp-content\/uploads\/2018\/08\/DSC_2104-1.jpg 5504w, http:\/\/cleverjagen.eu\/wp-content\/uploads\/2018\/08\/DSC_2104-1-300x169.jpg 300w, http:\/\/cleverjagen.eu\/wp-content\/uploads\/2018\/08\/DSC_2104-1-768x432.jpg 768w, http:\/\/cleverjagen.eu\/wp-content\/uploads\/2018\/08\/DSC_2104-1-1024x576.jpg 1024w, http:\/\/cleverjagen.eu\/wp-content\/uploads\/2018\/08\/DSC_2104-1-848x477.jpg 848w, http:\/\/cleverjagen.eu\/wp-content\/uploads\/2018\/08\/DSC_2104-1-1140x641.jpg 1140w, http:\/\/cleverjagen.eu\/wp-content\/uploads\/2018\/08\/DSC_2104-1-1170x658.jpg 1170w\" alt=\"\" width=\"5504\" height=\"3096\" \/><\/p>\n<p><a class=\"image-link image-link\" href=\"http:\/\/cleverjagen.eu\/wp-content\/uploads\/2020\/12\/hausgen-jd224-mkII.jpg\"><img loading=\"lazy\" decoding=\"async\" class=\"alignnone size-full wp-image-1402\" src=\"http:\/\/cleverjagen.eu\/wp-content\/uploads\/2020\/12\/hausgen-jd224-mkII.jpg\" sizes=\"auto, (max-width: 1000px) 100vw, 1000px\" srcset=\"http:\/\/cleverjagen.eu\/wp-content\/uploads\/2020\/12\/hausgen-jd224-mkII.jpg 1000w, http:\/\/cleverjagen.eu\/wp-content\/uploads\/2020\/12\/hausgen-jd224-mkII-150x150.jpg 150w, http:\/\/cleverjagen.eu\/wp-content\/uploads\/2020\/12\/hausgen-jd224-mkII-300x300.jpg 300w, http:\/\/cleverjagen.eu\/wp-content\/uploads\/2020\/12\/hausgen-jd224-mkII-768x768.jpg 768w, http:\/\/cleverjagen.eu\/wp-content\/uploads\/2020\/12\/hausgen-jd224-mkII-848x848.jpg 848w\" alt=\"\" width=\"1000\" height=\"1000\" \/><\/a>Dieser Artikel hat\u00a0<a class=\"fr-link\" href=\"https:\/\/www.frankonia.de\/p\/hausken\/schalld%C3%A4mpfer-jd-224-xtrm-mk2\/667365#\" data-layer-url=\"\/layer_service_bestellung-und-lieferung_ewb-konfigurator\/content.html\">Erwerbsvoraussetzungen<\/a>. Abgabe nur an Inhaber einer Erwerbserlaubnis.<\/p>\n<div class=\"fr-detail__ewb\">\n<div class=\"fr-tag__wrap\">\n<div class=\"fr-tag fr-tag--middle\" style=\"text-align: center;\" data-test-icon=\"ewb\"><strong><span class=\"fr-tag__label fr-tag__label--ewb\">JAKT JD 224 XTRM\u00a0<\/span><\/strong><\/div>\n<\/div>\n<\/div>\n<div class=\"fr-detail-description__left\">\n<div class=\"fr-detail-description__content\">\n<p>Der norwegische Hersteller Hausken ist seit 1992 auf die Entwicklung und Herstellung von Schalld\u00e4mpfern spezialisiert.<br \/>\nAlle Hausken Schalld\u00e4mpfer werden aus hochlegiertem Aluminium und mit modernsten Maschinen gefertigt. Jedes Teil ist f\u00fcr maximale Haltbarkeit harteloxiert. Die ausgereifte Konstruktion, pr\u00e4zise Fertigung und hochwertige Materialien gew\u00e4hrleisten ein Maximum an D\u00e4mpfungsleistung bei gleichzeitig geringem Gewicht und kompakten Abma\u00dfen.<\/p>\n<p>Maximale D\u00e4mpfungsleistung f\u00fcr Kunden mit h\u00f6chsten Anspr\u00fcchen. Der JD 224 XTRM MK2 \u00fcberzeugt durch \u00fcberragende D\u00e4mpfungsleistung und kompakte Abma\u00dfe. Dank der Teleskopbauweise wird die Waffe nur um 140 mm verl\u00e4ngert. Durch das integrierte, gewebte Edelstahlnetz wird die D\u00e4mpfungsleistung im Vergleich zum \u201enormalen\u201c HAUSKEN JD 224 HB um bis zu weitere 3\u20137 dB erh\u00f6ht.<br \/>\nDurch die Verwendung von hochlegiertem Aluminium ist dieser 380 g leichte Schalld\u00e4mpfer auch f\u00fcr Magnum-Kaliber verwendbar.<br \/>\nDieser Schalld\u00e4mpfer ist nicht geeignet f\u00fcr Waffen mit offener Visierung. Maximaler Laufau\u00dfendurchmesser ist 23 mm. Die D\u00e4mpfungsleistung geht von 33 bis zu ca. 40 dB.<\/p>\n<p>Die Schalld\u00e4mpfer haben grunds\u00e4tzlich Gewinde M18x1. Wenn man den Schalld\u00e4mpfer f\u00fcr eine Waffe mit Gewinde M15x1 einsetzten m\u00f6chte, muss dieser durch einen Gewindeadapter M15x1 ersetzt werden. Dieser m\u00fcsste dann eingeklebt werden. Es wird empfohlen das von einem B\u00fcchsenmacher durchf\u00fchren zu lassen. Der Schalld\u00e4mpfer ist dann nur noch f\u00fcr M15x1 nutzbar.<\/p>\n<p>Die komplette Produktpalette besteht aus sehr leichten Schalld\u00e4mpfern, die sich im Vergleich zu anderen Herstellern immer im Spitzenbereich positionieren.<\/p>\n<\/div>\n<div class=\"fr-detail-description__bullet-points\">\n<p style=\"text-align: center;\"><strong class=\"fr-detail-description__headline\">Technische Daten:<\/strong><\/p>\n<p style=\"text-align: center;\">Gewicht: 380 g<\/p>\n<p style=\"text-align: center;\">Durchmesser: 50 mm<\/p>\n<p style=\"text-align: center;\">Gewinde: M18x1<\/p>\n<\/div>\n<div class=\"fr-space--20\"><\/div>\n<div class=\"fr-detail-description__ending\">\n<p>Hinweise zu Schalld\u00e4mpfern: Bestehende jagdrechtliche Verbote oder Beschr\u00e4nkungen der Nutzung von Schalld\u00e4mpfern der jeweiligen Bundesl\u00e4nder sind zu beachten. Zielballistisch hat die Nutzung von Schalld\u00e4mpfern bei Benutzung von normal \u00fcblicher Jagdmunition keinen Einfluss \u2013 die Wirkung des Geschosses bleibt gleich. Auch die Wahrnehmung der Umgebung wird nicht beeinflusst. Schalld\u00e4mpfer verringern R\u00fccksto\u00df wie auch L\u00e4rm an der Quelle. Dadurch wird das Umfeld (z.B. Jagdhunde) vor L\u00e4rmsch\u00e4den gesch\u00fctzt. Sie mindern das M\u00fcndungsfeuer fast vollst\u00e4ndig, so dass bei schlechtem Licht das Zeichnen und die Fluchtrichtung des Wildes besser wahrzunehmen sind. Vor dem Durchziehen der Waffe sollte der Schalld\u00e4mpfer immer entfernt werden um Besch\u00e4digungen an den Blenden zu vermeiden. F\u00fcr die Reinigung und Konservierung von Schalld\u00e4mpfern empfehlen sich Kriech\u00f6le. Zur Pflege der Gewinde bew\u00e4hren sich hochtemperaturfeste Fette.<\/p>\n<\/div>\n<\/div>\n<p style=\"text-align: center;\"><span style=\"color: #008000;\">JAKT JD 224 XTRM\u00a0\u00a0<\/span><\/p>\n<hr \/>\n<div class=\"fr-detail-description__content\">\n<p style=\"text-align: center;\"><strong>JAKT WD 60 XTRM<\/strong><\/p>\n<p>Der Schalld\u00e4mpfer HAUSKEN JAKT WD 60 XTRM MK2 ist das Flaggschiff aus dem Hause\u00a0HAUSKEN. Er ist die ideale Wahl f\u00fcr J\u00e4ger, die\u00a0das absolute Maximum an D\u00e4mpfungsleistung suchen. Durch das\u00a0gro\u00dfe Innenvolumen und das integrierte Edelstahlgewebe des\u00a0HAUSKEN\u00a0WD 60 XTRM MK2 wird der M\u00fcndungsknall, selbst bei\u00a0Patronen die eine gro\u00dfe Menge an Verbrennungsgasen freisetzen,\u00a0optimal ged\u00e4mpft. Maximaler Laufau\u00dfen-\u00d8\u00a023 mm.<\/p>\n<p><strong>Dieser\u00a0Schalld\u00e4mpfer ist nicht geeignet f\u00fcr Waffen mit offener Visierung.<\/strong><\/p>\n<p>Der norwegische Hersteller Hausken ist seit 1992 auf die Entwicklung und Herstellung von Schalld\u00e4mpfern spezialisiert.<br \/>\nAlle Hausken Schalld\u00e4mpfer werden aus hochlegiertem Aluminium und auf modernsten Maschinen gefertigt. Jedes Teil ist f\u00fcr maximale Haltbarkeit harteloxiert. Die ausgereifte Konstruktion, pr\u00e4zise Fertigung und hochwertige Materialien gew\u00e4hrleisten ein Maximum an D\u00e4mpfungsleistung bei gleichzeitig geringem Gewicht und kompakten Abma\u00dfen.<\/p>\n<p>Die Schalld\u00e4mpfer haben grunds\u00e4tzlich Gewinde M 18\u00d71. Wenn man den Schalld\u00e4mpfer f\u00fcr eine Waffe mit Gewinde M15x1 einsetzten m\u00f6chte, muss dieser durch einen Gewindeadapter M15x1 ersetzt werden. Dieser m\u00fcsste dann eingeklebt werden. Es wird empfohlen das von einem B\u00fcchsenmacher durchf\u00fchren zu lassen. Der Schalld\u00e4mpfer ist dann nur noch f\u00fcr M15x1 nutzbar.<\/p>\n<p>Die komplette Produktpalette besteht aus sehr leichten Schalld\u00e4mpfern, die sich im Vergleich zu anderen Herstellern immer im Spitzenbereich positionieren.<\/p>\n<\/div>\n<div class=\"fr-detail-description__bullet-points\">\n<p style=\"text-align: center;\"><strong class=\"fr-detail-description__headline\">Technische Daten<\/strong><\/p>\n<p style=\"text-align: center;\">L\u00e4nge: 224 mm<\/p>\n<p style=\"text-align: center;\">Verl\u00e4ngert: 136 mm (ab M\u00fcndung)<\/p>\n<p style=\"text-align: center;\">Verl\u00e4ngert: 136 mm (ab M\u00fcndung)<\/p>\n<p style=\"text-align: center;\">Au\u00dfen-\u00d8: 60 mm<\/p>\n<p style=\"text-align: center;\">Gewinde: 18\u00d71<\/p>\n<p style=\"text-align: center;\">Gewicht: 455 g<\/p>\n<p style=\"text-align: center;\">D\u00e4mpfwert: ca. 38 \u2013 45 dB<\/p>\n<\/div>\n<div class=\"fr-space--20\" style=\"text-align: center;\"><\/div>\n<div class=\"fr-detail-description__ending\">\n<p>Hinweise zu Schalld\u00e4mpfern: Bestehende jagdrechtliche Verbote oder Beschr\u00e4nkungen der Nutzung von Schalld\u00e4mpfern der jeweiligen Bundesl\u00e4nder sind zu beachten. Zielballistisch hat die Nutzung von Schalld\u00e4mpfern bei Benutzung von normal \u00fcblicher Jagdmunition keinen Einfluss \u2013 die Wirkung des Geschosses bleibt gleich. Auch die Wahrnehmung der Umgebung wird nicht beeinflusst. Schalld\u00e4mpfer verringern R\u00fccksto\u00df wie auch L\u00e4rm an der Quelle. Dadurch wird das Umfeld (z.B. Jagdhunde) vor L\u00e4rmsch\u00e4den gesch\u00fctzt. Sie mindern das M\u00fcndungsfeuer fast vollst\u00e4ndig, so dass bei schlechtem Licht das Zeichnen und die Fluchtrichtung des Wildes besser wahrzunehmen sind. Vor dem Durchziehen der Waffe sollte der Schalld\u00e4mpfer immer entfernt werden um Besch\u00e4digungen an den Blenden zu vermeiden. F\u00fcr die Reinigung und Konservierung von Schalld\u00e4mpfern empfehlen sich Kriech\u00f6le. Zur Pflege der Gewinde bew\u00e4hren sich hochtemperaturfeste Fette.<\/p>\n<\/div>\n<p style=\"text-align: center;\"><span style=\"color: #008000;\"> \u00a0JAKT WD 60 XTRM\u00a0 \u00a0<\/span><\/p>\n<div class=\"fr-detail-description__content\">\n<hr \/>\n<p style=\"text-align: center;\"><strong>JAKT JD 184 XTRM<\/strong><\/p>\n<p>Maximale D\u00e4mpfungsleistung in einem sehr kompakten Schalld\u00e4mpfer. Das bietet der JD 184 XTRM MK2. Der Schalld\u00e4mpfer verl\u00e4ngert die Waffe lediglich um 10 cm und bietet trotzdem die D\u00e4mpfungsleistung seines gro\u00dfen Bruders, des JD 224*. Dabei wiegt der JD 184 XTRM MK2 nur 313 g. Er ist der ideale D\u00e4mpfer f\u00fcr Waffen in Standardkalibern wie .308 Win. oder 8\u00d757 IS. Durch den Einsatz von hochlegiertem Aluminium ist dieser sehr kompakte D\u00e4mpfer sogar f\u00fcr die Verwendung von Magnum-Kalibern geeignet. Dieser Schalld\u00e4mpfer ist nicht f\u00fcr Waffen mit offener Visierung geeignet. Maximaler Laufau\u00dfendurchmesser betr\u00e4gt 23 mm.<\/p>\n<p>Die Schalld\u00e4mpfer haben grunds\u00e4tzlich Gewinde M18x1. Wenn man den Schalld\u00e4mpfer f\u00fcr eine Waffe mit Gewinde M15x1 einsetzten m\u00f6chte, muss dieser durch einen Gewindeadapter M15x1 ersetzt werden. Dieser m\u00fcsste dann eingeklebt werden. Es wird empfohlen das von einem B\u00fcchsenmacher durchf\u00fchren zu lassen. Der Schalld\u00e4mpfer ist dann nur noch f\u00fcr M15x1 nutzbar.<\/p>\n<p>Die komplette Produktpalette besteht aus sehr leichten Schalld\u00e4mpfern, die sich im Vergleich zu anderen Herstellern immer im Spitzenbereich positionieren.<\/p>\n<\/div>\n<div class=\"fr-detail-description__bullet-points\">\n<div class=\"fr-space--20\"><\/div>\n<p style=\"text-align: center;\"><strong class=\"fr-detail-description__headline\">Technische Daten:<\/strong><\/p>\n<p style=\"text-align: center;\">Gewicht: 313 g<\/p>\n<p style=\"text-align: center;\">Gesamtl\u00e4nge: 184 mm<\/p>\n<p style=\"text-align: center;\">L\u00e4nger ab der Laufm\u00fcndung: 100 mm<\/p>\n<p style=\"text-align: center;\">Au\u00dfendurchmesser: 50 mm<\/p>\n<p style=\"text-align: center;\">Gewinde M18x1<\/p>\n<\/div>\n<div class=\"fr-space--20\"><\/div>\n<div class=\"fr-detail-description__ending\">\n<p>Hinweise zu Schalld\u00e4mpfern: Bestehende jagdrechtliche Verbote oder Beschr\u00e4nkungen der Nutzung von Schalld\u00e4mpfern der jeweiligen Bundesl\u00e4nder sind zu beachten. Zielballistisch hat die Nutzung von Schalld\u00e4mpfern bei Benutzung von normal \u00fcblicher Jagdmunition keinen Einfluss \u2013 die Wirkung des Geschosses bleibt gleich. Auch die Wahrnehmung der Umgebung wird nicht beeinflusst. Schalld\u00e4mpfer verringern R\u00fccksto\u00df wie auch L\u00e4rm an der Quelle. Dadurch wird das Umfeld (z.B. Jagdhunde) vor L\u00e4rmsch\u00e4den gesch\u00fctzt. Sie mindern das M\u00fcndungsfeuer fast vollst\u00e4ndig, so dass bei schlechtem Licht das Zeichnen und die Fluchtrichtung des Wildes besser wahrzunehmen sind. Vor dem Durchziehen der Waffe sollte der Schalld\u00e4mpfer immer entfernt werden um Besch\u00e4digungen an den Blenden zu vermeiden. F\u00fcr die Reinigung und Konservierung von Schalld\u00e4mpfern empfehlen sich Kriech\u00f6le. Zur Pflege der Gewinde bew\u00e4hren sich hochtemperaturfeste Fette.<\/p>\n<\/div>\n<p style=\"text-align: center;\">\u00a0<span style=\"color: #008000;\">JAKT JD 184 XTRM\u00a0\u00a0<\/span><\/p>\n<hr \/>\n<p style=\"text-align: center;\"><strong>JAKT JD 224<\/strong><\/p>\n<div class=\"fr-detail-description__content\">\n<p>Der Schalld\u00e4mpfer JAKT JD 224 MK2 ist der Top-Seller aus dem Hause HAUSKEN. Er vereint\u00a0eine hohe D\u00e4mpfungsleistung mit geringem Gewicht und kompakten\u00a0Abma\u00dfen. Dank seiner Teleskopbauweise wird die F\u00fchrigkeit\u00a0der Waffe kaum beeintr\u00e4chtigt. Durch die Verwendung von hochlegiertem\u00a0Aluminium ist dieser leichte D\u00e4mpfer auch f\u00fcr Magnum-Kaliber verwendbar. Maximaler Laufau\u00dfen-\u00d8 23\u00a0mm.<\/p>\n<p><strong>Dieser Schalld\u00e4mpfer ist nicht f\u00fcr Waffen mit\u00a0offener Visierung geeignet.<\/strong><\/p>\n<p>Der norwegische Hersteller Hausken ist seit 1992 auf die Entwicklung und Herstellung von Schalld\u00e4mpfern spezialisiert.<br \/>\nAlle Hausken Schalld\u00e4mpfer werden aus hochlegiertem Aluminium und auf modernsten Maschinen gefertigt. Jedes Teil ist f\u00fcr maximale Haltbarkeit harteloxiert. Die ausgereifte Konstruktion, pr\u00e4zise Fertigung und hochwertige Materialien gew\u00e4hrleisten ein Maximum an D\u00e4mpfungsleistung bei gleichzeitig geringem Gewicht und kompakten Abma\u00dfen.<\/p>\n<p>Die Schalld\u00e4mpfer haben grunds\u00e4tzlich Gewinde M18x1. Wenn man den Schalld\u00e4mpfer f\u00fcr eine Waffe mit Gewinde M15x1 einsetzen m\u00f6chte, muss dieser durch einen Gewindeadapter M15x1 ersetzt werden. Dieser m\u00fcsste dann eingeklebt werden. Es wird empfohlen das von einem B\u00fcchsenmacher durchf\u00fchren zu lassen. Der Schalld\u00e4mpfer ist dann nur noch f\u00fcr M15x1 nutzbar.<\/p>\n<p>Die komplette Produktpalette besteht aus sehr leichten Schalld\u00e4mpfern, die sich im Vergleich zu anderen Herstellern immer im Spitzenbereich positionieren.<\/p>\n<\/div>\n<div class=\"fr-detail-description__bullet-points\">\n<div class=\"fr-space--20\"><\/div>\n<p style=\"text-align: center;\"><strong class=\"fr-detail-description__headline\">Technische Daten<\/strong><\/p>\n<p style=\"text-align: center;\">L\u00e4nge: 224 mm<\/p>\n<p style=\"text-align: center;\">Au\u00dfen-\u00d8: 50 mm<\/p>\n<p style=\"text-align: center;\">Gewinde: M18x1<\/p>\n<p style=\"text-align: center;\">Gewicht: 315 g<\/p>\n<p style=\"text-align: center;\">D\u00e4mpfwert: ca. 31\u201337 dB<\/p>\n<\/div>\n<div class=\"fr-space--20\"><\/div>\n<div class=\"fr-detail-description__ending\">\n<p>Hinweise zu Schalld\u00e4mpfern: Bestehende jagdrechtliche Verbote oder Beschr\u00e4nkungen der Nutzung von Schalld\u00e4mpfern der jeweiligen Bundesl\u00e4nder sind zu beachten. Zielballistisch hat die Nutzung von Schalld\u00e4mpfern bei Benutzung von normal \u00fcblicher Jagdmunition keinen Einfluss \u2013 die Wirkung des Geschosses bleibt gleich. Auch die Wahrnehmung der Umgebung wird nicht beeinflusst. Schalld\u00e4mpfer verringern R\u00fccksto\u00df wie auch L\u00e4rm an der Quelle. Dadurch wird das Umfeld (z.B. Jagdhunde) vor L\u00e4rmsch\u00e4den gesch\u00fctzt. Sie mindern das M\u00fcndungsfeuer fast vollst\u00e4ndig, so dass bei schlechtem Licht das Zeichnen und die Fluchtrichtung des Wildes besser wahrzunehmen sind. Vor dem Durchziehen der Waffe sollte der Schalld\u00e4mpfer immer entfernt werden um Besch\u00e4digungen an den Blenden zu vermeiden. F\u00fcr die Reinigung und Konservierung von Schalld\u00e4mpfern empfehlen sich Kriech\u00f6le. Zur Pflege der Gewinde bew\u00e4hren sich hochtemperaturfeste Fette.<\/p>\n<\/div>\n<p style=\"text-align: center;\"><span style=\"color: #008000;\">JAKT JD 224\u00a0<\/span><\/p>\n","protected":false},"excerpt":{"rendered":"<p>Hausken Schalld\u00e4mpfer (alle Preise excl. Gewindeadapter) Dieser Artikel hat\u00a0Erwerbsvoraussetzungen. Abgabe nur an Inhaber einer Erwerbserlaubnis. JAKT JD 224 XTRM\u00a0 Der norwegische Hersteller Hausken ist seit 1992 auf die Entwicklung und Herstellung von Schalld\u00e4mpfern spezialisiert. Alle Hausken Schalld\u00e4mpfer werden aus hochlegiertem Aluminium und mit modernsten Maschinen gefertigt. Jedes Teil ist f\u00fcr maximale Haltbarkeit harteloxiert. Die ausgereifte [&hellip;]<\/p>\n","protected":false},"author":1,"featured_media":0,"parent":0,"menu_order":0,"comment_status":"closed","ping_status":"closed","template":"","meta":{"footnotes":""},"categories":[],"tags":[],"class_list":["post-1411","page","type-page","status-publish","hentry"],"_links":{"self":[{"href":"http:\/\/cleverjagen.eu\/index.php?rest_route=\/wp\/v2\/pages\/1411","targetHints":{"allow":["GET"]}}],"collection":[{"href":"http:\/\/cleverjagen.eu\/index.php?rest_route=\/wp\/v2\/pages"}],"about":[{"href":"http:\/\/cleverjagen.eu\/index.php?rest_route=\/wp\/v2\/types\/page"}],"author":[{"embeddable":true,"href":"http:\/\/cleverjagen.eu\/index.php?rest_route=\/wp\/v2\/users\/1"}],"replies":[{"embeddable":true,"href":"http:\/\/cleverjagen.eu\/index.php?rest_route=%2Fwp%2Fv2%2Fcomments&post=1411"}],"version-history":[{"count":5,"href":"http:\/\/cleverjagen.eu\/index.php?rest_route=\/wp\/v2\/pages\/1411\/revisions"}],"predecessor-version":[{"id":1858,"href":"http:\/\/cleverjagen.eu\/index.php?rest_route=\/wp\/v2\/pages\/1411\/revisions\/1858"}],"wp:attachment":[{"href":"http:\/\/cleverjagen.eu\/index.php?rest_route=%2Fwp%2Fv2%2Fmedia&parent=1411"}],"wp:term":[{"taxonomy":"category","embeddable":true,"href":"http:\/\/cleverjagen.eu\/index.php?rest_route=%2Fwp%2Fv2%2Fcategories&post=1411"},{"taxonomy":"post_tag","embeddable":true,"href":"http:\/\/cleverjagen.eu\/index.php?rest_route=%2Fwp%2Fv2%2Ftags&post=1411"}],"curies":[{"name":"wp","href":"https:\/\/api.w.org\/{rel}","templated":true}]}}