{"id":1370,"date":"2020-11-18T16:08:38","date_gmt":"2020-11-18T15:08:38","guid":{"rendered":"http:\/\/cleverjagen.eu\/?page_id=1370"},"modified":"2024-06-12T14:52:49","modified_gmt":"2024-06-12T12:52:49","slug":"pistolen","status":"publish","type":"page","link":"http:\/\/cleverjagen.eu\/?page_id=1370","title":{"rendered":"Neu &#8211; Pistolen"},"content":{"rendered":"<div class=\"fr-detail__subheadline\"><strong>Pistole Walther PDP Hatz-Watz<\/strong>\u00a0<strong>4&#8243; OR (<span style=\"color: #ff0000;\">intern: NW 101)\u00a0 \u00a0 \u00a0 \u00a0 \u00a0\u20ac\u00a0<\/span><\/strong><\/div>\n<div><\/div>\n<div><img loading=\"lazy\" decoding=\"async\" class=\"alignnone size-full wp-image-2375\" src=\"http:\/\/cleverjagen.eu\/wp-content\/uploads\/2024\/06\/hatzwatz.webp\" alt=\"\" width=\"1000\" height=\"1000\" srcset=\"http:\/\/cleverjagen.eu\/wp-content\/uploads\/2024\/06\/hatzwatz.webp 1000w, http:\/\/cleverjagen.eu\/wp-content\/uploads\/2024\/06\/hatzwatz-300x300.webp 300w, http:\/\/cleverjagen.eu\/wp-content\/uploads\/2024\/06\/hatzwatz-150x150.webp 150w, http:\/\/cleverjagen.eu\/wp-content\/uploads\/2024\/06\/hatzwatz-768x768.webp 768w, http:\/\/cleverjagen.eu\/wp-content\/uploads\/2024\/06\/hatzwatz-848x848.webp 848w\" sizes=\"auto, (max-width: 1000px) 100vw, 1000px\" \/><\/div>\n<div><\/div>\n<div><\/div>\n<div class=\"fr-detail__subheadline\"><span style=\"font-size: revert; color: initial;\">Die\u00a0<\/span><strong style=\"font-size: revert; color: initial;\">Pistole Walther PDP Hatz-Watz<\/strong><span style=\"font-size: revert; color: initial;\">\u00a0<\/span><strong style=\"font-size: revert; color: initial;\">4&#8243; OR<\/strong><span style=\"font-size: revert; color: initial;\">\u00a0erscheint mit signalorangefarbenem Griffst\u00fcck und auswechselbaren Griffr\u00fccken in Signalgelb.<\/span><\/div>\n<div class=\"fr-detail-description__content\">\n<p>Neben dem markanten \u00c4u\u00dferen besticht die Pistole mit tiefen Durchladerillen vorne und hinten am Verschluss. Unabh\u00e4ngig der Witterung bleibt der Ladevorgang so eine sichere Angelegenheit. Das signalorgangefarbene Griffst\u00fcck verf\u00fcgt \u00fcber eine pyramidenf\u00f6rmige Textur (Performance Duty Texture), die f\u00fcr ein herausragendes Handling sorgt. Die in verschiedenen Gr\u00f6\u00dfen (S, M, L) erh\u00e4ltlichen Griffr\u00fccken in Signalgelb sind ebenfalls mit dieser Textur versehen.<\/p>\n<p>Die Pistole ist mit einem beidseitigen Verschlussfanghebel sowie einem umsteckbaren Magazinknopf ausgestattet und kommt Optics Ready (OR) mit ausgefr\u00e4ster Schlittenoberseite, passend f\u00fcr verschiedene \u2013\u00a0optional erh\u00e4ltliche \u2013\u00a0Adapterplatten f\u00fcr Leuchtpunktvisiere der Marken Docter, Noblex, Meopta, Trijicon, Holosun, Riton, Axion, Leupold, SIG Sauer, Vortex oder Burris Fast Fire-Serie.<\/p>\n<p>Die Optik-Montageplattform zeichnet sich durch den ge\u00e4nderten Cut-Out f\u00fcr die Montageplatte aus. Dieser ist um 2 mm l\u00e4nger als bisher und erm\u00f6glicht so\u00a0die Montage von allen aktuell g\u00e4ngigen Rotpunktvisieren. Au\u00dferdem umfasst die Ausstattung R\u00fccksto\u00dfstollen und gr\u00f6\u00dfere Schraubenausschnitte. Damit ist es m\u00f6glich, zur Montage die Original-Befestigungsschrauben der Optikhersteller zu verwenden.<\/p>\n<p>Wer auf &#8222;klassische&#8220; Weise \u00fcber Kimme und Korn zielen m\u00f6chte kann dies \u00fcber die zu Glock kompatiblen Visierungen tun. Eine Co-Witness-Visierung ist m\u00f6glich. Die serienm\u00e4\u00dfige Visierung ist von Haus aus in H\u00f6he und Seite justierbar.<\/p>\n<p>Der Abzug bricht am Druckpunkt wie Glas mit einem Abzugsgewicht von 25 N. Der kurze Reset erlaubt gleichm\u00e4\u00dfige Top Performance von Schuss zu Schuss. Beides zusammen schafft die Voraussetzung f\u00fcr kontrolliertes Treffen und sichere Abzugsbeherrschung in jeder Situation und von Schuss zu Schuss.<\/p>\n<p>Das Ergebnis aus perfektioniertem Griffwinkel und dem Zusammenspiel aus Gesamtgewicht, Gewichtsverteilung sowie Balance ist das exzellente Deutverhalten. Die Waffe folgt intuitiv der Sichtlinie des Zielauges.<\/p>\n<p>Das gestufte Patronenlager sorgt f\u00fcr eine deutlich bessere Liderung und somit geringere Verschmutzung des Polygonlaufs.<\/p>\n<\/div>\n<div class=\"fr-detail-description__bullet-points\">\n<h3 class=\"fr-detail-description__headline\">TECHNISCHE DATEN:<\/h3>\n<ul>\n<li>Laufl\u00e4nge: 102 mm (4&#8243;)<\/li>\n<li>Gesamtl\u00e4nge: 184 mm<\/li>\n<li>Visierlienie: 163 mm<\/li>\n<li>Visierung: h\u00f6hen- und seitenverstellbar, 3-dot-Polymervisierung, optics ready, co-witness ready<\/li>\n<li>Abzug: Performance Duty Trigger<\/li>\n<li>Abzugsgewicht: 25 N<\/li>\n<li>Abzugsabstand S\/M\/L: 70\/70\/73 mm<\/li>\n<li>Magazinkapazit\u00e4t: 15 Patronen<\/li>\n<li>Sicherung: Ladezustandsanzeige<\/li>\n<li>automatische Sicherungen: Abzug-, Schlagbolzen- und Sch\u00fctzensicherung (Unterbrecher)<\/li>\n<li>Ma\u00dfe (LxBxH): 184x34x135 mm<\/li>\n<li>Gewicht: 690 g<\/li>\n<\/ul>\n<\/div>\n<div class=\"fr-space--20\"><\/div>\n<div class=\"fr-detail-description__ending\">\n<h4>Im Lieferumfang enthalten:<\/h4>\n<ul>\n<li>hochwertiger Walther Waffenkoffer im PDP-Design<\/li>\n<li>Griffr\u00fccken in den Gr\u00f6\u00dfen S, M, L in Signalgelb<\/li>\n<li>2x Magazin mit Magazinboden in Signalorange<\/li>\n<li>Magazin-Ladehilfe<\/li>\n<\/ul>\n<\/div>\n<p><!--nextpage--><\/p>\n<p><strong>Glock 19 Gen 3<span style=\"color: #ff0000;\"> \u00a0(NW 10)<\/span><\/strong><\/p>\n<p><img loading=\"lazy\" decoding=\"async\" class=\"alignnone size-full wp-image-1388\" src=\"http:\/\/cleverjagen.eu\/wp-content\/uploads\/2020\/11\/Gen-3.jpg\" alt=\"\" width=\"800\" height=\"600\" srcset=\"http:\/\/cleverjagen.eu\/wp-content\/uploads\/2020\/11\/Gen-3.jpg 800w, http:\/\/cleverjagen.eu\/wp-content\/uploads\/2020\/11\/Gen-3-300x225.jpg 300w, http:\/\/cleverjagen.eu\/wp-content\/uploads\/2020\/11\/Gen-3-768x576.jpg 768w\" sizes=\"auto, (max-width: 800px) 100vw, 800px\" \/><img loading=\"lazy\" decoding=\"async\" class=\"alignnone size-full wp-image-1389\" src=\"http:\/\/cleverjagen.eu\/wp-content\/uploads\/2020\/11\/Gen-31.jpg\" alt=\"\" width=\"800\" height=\"600\" srcset=\"http:\/\/cleverjagen.eu\/wp-content\/uploads\/2020\/11\/Gen-31.jpg 800w, http:\/\/cleverjagen.eu\/wp-content\/uploads\/2020\/11\/Gen-31-300x225.jpg 300w, http:\/\/cleverjagen.eu\/wp-content\/uploads\/2020\/11\/Gen-31-768x576.jpg 768w\" sizes=\"auto, (max-width: 800px) 100vw, 800px\" \/><img loading=\"lazy\" decoding=\"async\" class=\"alignnone size-full wp-image-1390\" src=\"http:\/\/cleverjagen.eu\/wp-content\/uploads\/2020\/11\/Gen-33.jpg\" alt=\"\" width=\"540\" height=\"405\" srcset=\"http:\/\/cleverjagen.eu\/wp-content\/uploads\/2020\/11\/Gen-33.jpg 540w, http:\/\/cleverjagen.eu\/wp-content\/uploads\/2020\/11\/Gen-33-300x225.jpg 300w\" sizes=\"auto, (max-width: 540px) 100vw, 540px\" \/><\/p>\n<p>Die GLOCK 19 GEN 3 ist das Kompaktmodell zur bekannten G17 Gen3 eine der meistverkauften Selbstladepistolen der Welt, wenn nicht sogar DIE meistverkaufte 9 mm Pistole. Aufgrund ihrer Abmessungen und des geringen Gewichts ist diese Selbstladepistole im Kaliber 9 mm Luger vielseitig einsetzbar. Anders als bei den neuen Generationen der Glock-Modelle ist die altbew\u00e4hrte und zuverl\u00e4ssige Gen 3 neben dem standardm\u00e4\u00dfigen Schwarz auch mit Griffst\u00fcck in Olivgr\u00fcn erh\u00e4ltlich. Generell gilt, wenn Sie eine 9 mm von GLOCK kaufen w\u00fcrden, erwerben Sie eine Selbstladepistole mit einem erstklassigen Preis-Leistungsverh\u00e4ltnis, welches in dieser Form am Markt wahrscheinlich nicht in vergleichbarer Weise zu finden sein wird.<\/p>\n<p>Die wichtigsten Merkmale auf einen Blick:<br \/>\nTyp: Selbstladepistole<br \/>\nAus der Serie der Kompaktmodelle von GLOCK<br \/>\nKaliber: 9 mm Luger<br \/>\nFarben: Griffst\u00fcck in Schwarz oder Olivgr\u00fcn, je nach obiger Konfiguration<br \/>\nSafe Action System<br \/>\nAbzugsgewicht: 28 N<br \/>\nMagazin-Kapazit\u00e4t: 15 Schuss<br \/>\nLeicht, robust, langlebig, zuverl\u00e4ssig, funktionsf\u00e4hig<\/p>\n<p>Lieferumfang:<br \/>\n1 x GLOCK im Kunststoffkoffer<br \/>\n2 St\u00fcck 15-Schussmagazine<\/p>\n<p>Abgabe nur an Inhaber einer Erwerbsberechtigung.<\/p>\n<p><!--nextpage--><\/p>\n<p><strong>Glock 19 Gen 5\u00a0 <span style=\"color: #ff0000;\">(NW 11)<\/span><\/strong><\/p>\n<p><img loading=\"lazy\" decoding=\"async\" class=\"alignnone size-full wp-image-1376\" src=\"http:\/\/cleverjagen.eu\/wp-content\/uploads\/2020\/11\/Glock-Gen-5.jpg\" alt=\"\" width=\"800\" height=\"600\" srcset=\"http:\/\/cleverjagen.eu\/wp-content\/uploads\/2020\/11\/Glock-Gen-5.jpg 800w, http:\/\/cleverjagen.eu\/wp-content\/uploads\/2020\/11\/Glock-Gen-5-300x225.jpg 300w, http:\/\/cleverjagen.eu\/wp-content\/uploads\/2020\/11\/Glock-Gen-5-768x576.jpg 768w\" sizes=\"auto, (max-width: 800px) 100vw, 800px\" \/><img loading=\"lazy\" decoding=\"async\" class=\"alignnone size-full wp-image-1377\" src=\"http:\/\/cleverjagen.eu\/wp-content\/uploads\/2020\/11\/Glock-Gen-51.jpg\" alt=\"\" width=\"540\" height=\"405\" srcset=\"http:\/\/cleverjagen.eu\/wp-content\/uploads\/2020\/11\/Glock-Gen-51.jpg 540w, http:\/\/cleverjagen.eu\/wp-content\/uploads\/2020\/11\/Glock-Gen-51-300x225.jpg 300w\" sizes=\"auto, (max-width: 540px) 100vw, 540px\" \/><img loading=\"lazy\" decoding=\"async\" class=\"alignnone size-full wp-image-1378\" src=\"http:\/\/cleverjagen.eu\/wp-content\/uploads\/2020\/11\/Glock-Gen-52.jpg\" alt=\"\" width=\"540\" height=\"405\" srcset=\"http:\/\/cleverjagen.eu\/wp-content\/uploads\/2020\/11\/Glock-Gen-52.jpg 540w, http:\/\/cleverjagen.eu\/wp-content\/uploads\/2020\/11\/Glock-Gen-52-300x225.jpg 300w\" sizes=\"auto, (max-width: 540px) 100vw, 540px\" \/><img loading=\"lazy\" decoding=\"async\" class=\"alignnone size-full wp-image-1379\" src=\"http:\/\/cleverjagen.eu\/wp-content\/uploads\/2020\/11\/Glock-Gen-53.jpg\" alt=\"\" width=\"540\" height=\"405\" srcset=\"http:\/\/cleverjagen.eu\/wp-content\/uploads\/2020\/11\/Glock-Gen-53.jpg 540w, http:\/\/cleverjagen.eu\/wp-content\/uploads\/2020\/11\/Glock-Gen-53-300x225.jpg 300w\" sizes=\"auto, (max-width: 540px) 100vw, 540px\" \/><\/p>\n<p>Die neue GLOCK 19 GEN 5 ist eine Pistole aus der Serie der Kompakt-Modelle von Glock im Kaliber 9 mm Luger. Aufgrund ihrer Abmessungen und des geringen Gewichts ist diese Selbstladepistole vielseitig einsetzbar. Im Vergleich zur Vorg\u00e4nger-Generation hat Glock das Griffst\u00fcck optimiert, der Waffe eine neue noch resistenterer nDLC-Beschichtung gegeben und den Verschlussfangebel beidseitig bedienbar gestaltet. Hohe verbesserte Pr\u00e4zision durch den neuen Marksman-Lauf und eine optimierte Visierung mit gr\u00f6\u00dferem Lichtspalt zwischen Kimme und Korn, heben diese Generation von den vergangenen ab.<br \/>\nDas Kompakt-Modell G19 Gen5 eignet sich sehr gut f\u00fcr Berufswaffentr\u00e4ger oder als Fangschusswaffe f\u00fcr die Jagd und ist auch f\u00fcr sportliche Anwendungen einsetzbar.<\/p>\n<p>Lieferumfang:<br \/>\n1 x GLOCK im Transportkoffer, kleines Putz-Set, 4 Back Straps, 2 Magazine, Handbuch<\/p>\n<p>Merkmale f\u00fcr alle GEN 5 Modelle:<br \/>\nFront-Serrations (Greif-Rillen) auch im vorderen Verschlussbereich, beidseitig bedienbarer Verschlussfangebel, \u00fcberarbeiteter Magazintrichter, Safe-Action Abzug, Griffst\u00fcck ohne Fingerrillen mit besserem Griffgef\u00fchl, individuelle Anpassung durch verschiedene Griffr\u00fcckenaufs\u00e4tze (je 2 anpassbare Rahmengr\u00f6\u00dfen mit und ohne Beavertail), optimierte Visierung, GLOCK-Marksman-Barrel mit polygonalem Laufinnenprofil.<\/p>\n<p>Abgabe nur an Inhaber einer Erwerbsberechtigung.<\/p>\n<p><!--nextpage--><\/p>\n<p><strong>Glock 44 22 l.r. <span style=\"color: #ff0000;\">(NW 48)<\/span><\/strong><\/p>\n<p><img loading=\"lazy\" decoding=\"async\" class=\"alignnone size-full wp-image-1383\" src=\"http:\/\/cleverjagen.eu\/wp-content\/uploads\/2020\/11\/Glock-44.jpg\" alt=\"\" width=\"800\" height=\"600\" srcset=\"http:\/\/cleverjagen.eu\/wp-content\/uploads\/2020\/11\/Glock-44.jpg 800w, http:\/\/cleverjagen.eu\/wp-content\/uploads\/2020\/11\/Glock-44-300x225.jpg 300w, http:\/\/cleverjagen.eu\/wp-content\/uploads\/2020\/11\/Glock-44-768x576.jpg 768w\" sizes=\"auto, (max-width: 800px) 100vw, 800px\" \/><img loading=\"lazy\" decoding=\"async\" class=\"alignnone size-full wp-image-1384\" src=\"http:\/\/cleverjagen.eu\/wp-content\/uploads\/2020\/11\/Glock-441.jpg\" alt=\"\" width=\"540\" height=\"405\" srcset=\"http:\/\/cleverjagen.eu\/wp-content\/uploads\/2020\/11\/Glock-441.jpg 540w, http:\/\/cleverjagen.eu\/wp-content\/uploads\/2020\/11\/Glock-441-300x225.jpg 300w\" sizes=\"auto, (max-width: 540px) 100vw, 540px\" \/><img loading=\"lazy\" decoding=\"async\" class=\"alignnone size-full wp-image-1385\" src=\"http:\/\/cleverjagen.eu\/wp-content\/uploads\/2020\/11\/Glock-442.jpg\" alt=\"\" width=\"540\" height=\"405\" srcset=\"http:\/\/cleverjagen.eu\/wp-content\/uploads\/2020\/11\/Glock-442.jpg 540w, http:\/\/cleverjagen.eu\/wp-content\/uploads\/2020\/11\/Glock-442-300x225.jpg 300w\" sizes=\"auto, (max-width: 540px) 100vw, 540px\" \/><\/p>\n<p>Die GLOCK 44 ist die erste Kleinkaliberpistole vom beliebten \u00f6sterreichischen Waffenhersteller in gewohnter GLOCK-Qualit\u00e4t. Jetzt endlich auch als &#8222;22er&#8220; im leged\u00e4ren GLOCK-FEELING schie\u00dfen. F\u00fcr Einsteiger oder als konstensparende Trainingswaffe. Der kleine Bruder von der kompakten Glock 19, bietet identische Features wie die Gro\u00dfkaliber-Pistolen von GLOCK.<br \/>\nDas kompakte Crossover-Modell G44 ist f\u00fcr sportliche sowie jagdliche Anwendungen einsetzbar.<\/p>\n<p>Die wichtigsten Merkmale der neuen &#8222;.22er&#8220; auf einen Blick:<br \/>\nKaliber .22 lr<br \/>\nKompakte Rahmengr\u00f6\u00dfe, mit Gen5 Griffst\u00fcck ohne Fingerrillen<br \/>\nNeu entwickelter spezieller Polymerer-Stahl-Hybrid-Verschluss<br \/>\nGLOCK Marksman Barrel<br \/>\nSafe-Action-Abzugssystem<br \/>\nBeidseitig bedienbarer Verschlussfanghebel<br \/>\nMagazin-Kapazit\u00e4t: 10 Schuss<\/p>\n<p>Lieferumfang:<br \/>\n1 x GLOCK, Back Straps mit und ohne Beavertail, 2 Magazine, Handbuch (auch hier zum Download)<\/p>\n<p>Merkmale der G44:<br \/>\nFront-Serrations (Greif-Rillen) auch im vorderen Verschlussbereich, beidseitig bedienbarer Verschlussfanghebel, \u00fcberarbeiteter Magazintrichter, Safe-Action Abzug, Griffst\u00fcck ohne Fingerrillen mit besserem Griffgef\u00fchl, individuelle. Anpassung durch verschiedene Griffr\u00fcckenaufs\u00e4tze, GLOCK-Marksman-Barrel.<\/p>\n<p>Abgabe nur an Inhaber einer Erwerbsberechtigung.<\/p>\n<p><!--nextpage--><\/p>\n<p><img loading=\"lazy\" decoding=\"async\" class=\"alignnone size-full wp-image-2138\" src=\"http:\/\/cleverjagen.eu\/wp-content\/uploads\/2024\/01\/Walther-PDP-Full-Size-V2.webp\" alt=\"\" width=\"1000\" height=\"1000\" srcset=\"http:\/\/cleverjagen.eu\/wp-content\/uploads\/2024\/01\/Walther-PDP-Full-Size-V2.webp 1000w, http:\/\/cleverjagen.eu\/wp-content\/uploads\/2024\/01\/Walther-PDP-Full-Size-V2-300x300.webp 300w, http:\/\/cleverjagen.eu\/wp-content\/uploads\/2024\/01\/Walther-PDP-Full-Size-V2-150x150.webp 150w, http:\/\/cleverjagen.eu\/wp-content\/uploads\/2024\/01\/Walther-PDP-Full-Size-V2-768x768.webp 768w, http:\/\/cleverjagen.eu\/wp-content\/uploads\/2024\/01\/Walther-PDP-Full-Size-V2-848x848.webp 848w\" sizes=\"auto, (max-width: 1000px) 100vw, 1000px\" \/><\/p>\n<div class=\"fr-detail-description__content\">\n<p><strong>Die Walther PDP Full Size V2 mit neuer Optik-Montageplattform.<\/strong><\/p>\n<p>Die Pistole besticht durch ihr markantes \u00c4u\u00dferes. Tiefe Durchladerillen finden sich sowohl vorne als auch hinten am Verschluss. Somit bleibt der Ladevorgang bei jeder Witterung eine sichere Angelegenheit. Das v\u00f6llig neu gestaltete Griffst\u00fcck verf\u00fcgt \u00fcber eine pyramidenf\u00f6rmige Textur (Performance Duty Texture) und tr\u00e4gt sein \u00dcbriges zum herausragenden Handling bei. Die in verschiedenen Gr\u00f6\u00dfen (S, M, L) erh\u00e4ltlichen Griffr\u00fccken sind ebenfalls mit dieser Textur versehen. Nicht zu scharf um bei hohen Serien zu schmerzen oder an der Kleidung zu &#8222;rei\u00dfen&#8220; aber aggressiv genug, um jederzeit perfekten Grip zu erreichen. Die ausgeschwungene Formgebung am Griffende gibt dem kleinen Finger Halt und unterst\u00fctzt beim intuitiven Deuten.<\/p>\n<p>Alle Modelle der PDP-Serie haben einen beidseitigen Verschlussfanghebel, einen umsteckbaren Magazinknopf und kommen Optics Ready mit ausgefr\u00e4ster Schlittenoberseite f\u00fcr verschiedene \u2013\u00a0optional erh\u00e4ltliche \u2013 Adapterplatten f\u00fcr Leuchtpunktvisiere der Marken Docter, Noblex, Meopta, Trijicon, Holosun, Riton, Axion, Leupold, SIG Sauer,\u00a0Vortex oder Burris Fast Fire-Serie.<\/p>\n<p>Die neue\u00a0<strong>Optik-Montageplattform<\/strong>\u00a0zeichnet sich durch den ge\u00e4nderten Cut-Out f\u00fcr die Montageplatte aus. Dieser ist um 2 mm l\u00e4nger als bisher und erm\u00f6glicht so\u00a0die Montage von allen aktuell g\u00e4ngigen Rotpunktvisieren. Au\u00dferdem umfasst die neue Ausstattung R\u00fccksto\u00dfstollen und gr\u00f6\u00dfere Schraubenausschnitte. Damit ist es m\u00f6glich, zur Montage die Original-Befestigungsschrauben der Optikhersteller zu verwenden.<\/p>\n<p>Wer auf &#8222;klassische&#8220; Weise \u00fcber Kimme und Korn zielen m\u00f6chte kann dies \u00fcber die zu GLOCK kompatiblen Visierungen tun. Eine Co-Witness-Visierung ist m\u00f6glich. Die serienm\u00e4\u00dfige Visierung ist von Haus aus in H\u00f6he und Seite justierbar. An der Picatinny-Schiene kann weiteres praktisches Zubeh\u00f6r angebracht werden.<\/p>\n<p>Der Abzug bricht am Druckpunkt wie Glas mit einem Abzugsgewicht von 25 N. Der kurze Reset erlaubt gleichm\u00e4\u00dfige Top Performance von Schuss zu Schuss. Beides zusammen schafft die Voraussetzung f\u00fcr kontrolliertes Treffen und sichere Abzugsbeherrschung in jeder Situation und von Schuss zu Schuss.<\/p>\n<p>Das Ergebnis aus perfektioniertem Griffwinkel und dem Zusammenspiel aus Gesamtgewicht, Gewichtsverteilung sowie Balance ist das exzellente Deutverhalten. Die Waffe folgt intuitiv der Sichtlinie des Zielauges.<\/p>\n<p>Das gestufte Patronenlager sorgt f\u00fcr eine deutlich bessere Liderung und somit geringere Verschmutzung des Polygonlaufs.<\/p>\n<div class=\"fr-table-outer-wrap\">\n<div class=\"fr-table-wrap\">\n<table border=\"1\" width=\"721\" cellspacing=\"1\" cellpadding=\"1\">\n<caption><u><strong>Technische Daten<\/strong><\/u><\/caption>\n<tbody>\n<tr>\n<td><strong>Modell<\/strong><\/td>\n<td><strong>PDP Full Size V2 4&#8243;<\/strong><\/td>\n<td><strong>PDP\u00a0Full Size V2 4,5&#8243;<\/strong><\/td>\n<td><strong>PDP Full Size V2 5&#8243;<\/strong><\/td>\n<\/tr>\n<tr>\n<td><strong>Laufl\u00e4nge<\/strong><\/td>\n<td>102 mm \/ 4&#8243;<\/td>\n<td>115 mm \/ 4,5&#8243;<\/td>\n<td>127 mm \/ 5&#8243;<\/td>\n<\/tr>\n<tr>\n<td><strong>Gesamtl\u00e4nge<\/strong><\/td>\n<td>184 mm<\/td>\n<td>198 mm<\/td>\n<td>210 mm<\/td>\n<\/tr>\n<tr>\n<td><strong>Breite<\/strong><\/td>\n<td>34 mm<\/td>\n<td>34 mm<\/td>\n<td>34 mm<\/td>\n<\/tr>\n<tr>\n<td><strong>H\u00f6he<\/strong><\/td>\n<td>143 mm<\/td>\n<td>143 mm<\/td>\n<td>143 mm<\/td>\n<\/tr>\n<tr>\n<td><strong>Visierlinie<\/strong><\/td>\n<td>163 mm<\/td>\n<td>176 mm<\/td>\n<td>188 mm<\/td>\n<\/tr>\n<tr>\n<td><strong>Abzugsabstand S\/M\/L<\/strong><\/td>\n<td>70\/70\/73 mm<\/td>\n<td>70\/70\/73 mm<\/td>\n<td>70\/70\/73 mm<\/td>\n<\/tr>\n<tr>\n<td><strong>Griffumfang bei M<\/strong><\/td>\n<td>148 mm<\/td>\n<td>148 mm<\/td>\n<td>148 mm<\/td>\n<\/tr>\n<tr>\n<td><strong>Gewicht inkl. leerem Magazin<\/strong><\/td>\n<td>695 g<\/td>\n<td>715 g<\/td>\n<td>745 g<\/td>\n<\/tr>\n<tr>\n<td><strong>Magazinkapazit\u00e4t<\/strong><\/td>\n<td>18<\/td>\n<td>18<\/td>\n<td>18<\/td>\n<\/tr>\n<tr>\n<td><strong>Magazine<\/strong><\/td>\n<td>2<\/td>\n<td>2<\/td>\n<td>2<\/td>\n<\/tr>\n<tr>\n<td><strong>passende Adapterplatten<\/strong><\/td>\n<td>2013345, 2013347, 2013348<\/td>\n<td>2013345, 2013347, 2013348<\/td>\n<td>2013345, 2013347, 2013348<\/td>\n<\/tr>\n<\/tbody>\n<\/table>\n<\/div>\n<\/div>\n<\/div>\n<div class=\"fr-detail-description__bullet-points\">\n<h3 class=\"fr-detail-description__headline\">TECHNISCHE DATEN:<\/h3>\n<ul>\n<li>Laufl\u00e4nge: 127 mm (5&#8243;)<\/li>\n<li>Magazinkapazit\u00e4t: 18 Patronen<\/li>\n<li>Visierung: h\u00f6hen- und seitenverstellbar, Optic Ready, Co-Witness<\/li>\n<li>Abzug: Performance Duty Trigger<\/li>\n<li>Abzugsgewicht: 25 N<\/li>\n<li>Abzugsweg: 7 mm<\/li>\n<li>Sicherungen: Ladezustandsanzeige, Abzug, Schlagbolzen, Unterbrecher<\/li>\n<li>Ma\u00dfe (LxBxH): 210x34x143 mm<\/li>\n<li>Gewicht: 745 g<\/li>\n<\/ul>\n<\/div>\n","protected":false},"excerpt":{"rendered":"<p>Pistole Walther PDP Hatz-Watz\u00a04&#8243; OR (intern: NW 101)\u00a0 \u00a0 \u00a0 \u00a0 \u00a0\u20ac\u00a0 Die\u00a0Pistole Walther PDP Hatz-Watz\u00a04&#8243; OR\u00a0erscheint mit signalorangefarbenem Griffst\u00fcck und auswechselbaren Griffr\u00fccken in Signalgelb. Neben dem markanten \u00c4u\u00dferen besticht die Pistole mit tiefen Durchladerillen vorne und hinten am Verschluss. Unabh\u00e4ngig der Witterung bleibt der Ladevorgang so eine sichere Angelegenheit. Das signalorgangefarbene Griffst\u00fcck verf\u00fcgt \u00fcber [&hellip;]<\/p>\n","protected":false},"author":1,"featured_media":0,"parent":264,"menu_order":0,"comment_status":"closed","ping_status":"closed","template":"","meta":{"footnotes":""},"categories":[],"tags":[],"class_list":["post-1370","page","type-page","status-publish","hentry"],"_links":{"self":[{"href":"http:\/\/cleverjagen.eu\/index.php?rest_route=\/wp\/v2\/pages\/1370","targetHints":{"allow":["GET"]}}],"collection":[{"href":"http:\/\/cleverjagen.eu\/index.php?rest_route=\/wp\/v2\/pages"}],"about":[{"href":"http:\/\/cleverjagen.eu\/index.php?rest_route=\/wp\/v2\/types\/page"}],"author":[{"embeddable":true,"href":"http:\/\/cleverjagen.eu\/index.php?rest_route=\/wp\/v2\/users\/1"}],"replies":[{"embeddable":true,"href":"http:\/\/cleverjagen.eu\/index.php?rest_route=%2Fwp%2Fv2%2Fcomments&post=1370"}],"version-history":[{"count":9,"href":"http:\/\/cleverjagen.eu\/index.php?rest_route=\/wp\/v2\/pages\/1370\/revisions"}],"predecessor-version":[{"id":2376,"href":"http:\/\/cleverjagen.eu\/index.php?rest_route=\/wp\/v2\/pages\/1370\/revisions\/2376"}],"up":[{"embeddable":true,"href":"http:\/\/cleverjagen.eu\/index.php?rest_route=\/wp\/v2\/pages\/264"}],"wp:attachment":[{"href":"http:\/\/cleverjagen.eu\/index.php?rest_route=%2Fwp%2Fv2%2Fmedia&parent=1370"}],"wp:term":[{"taxonomy":"category","embeddable":true,"href":"http:\/\/cleverjagen.eu\/index.php?rest_route=%2Fwp%2Fv2%2Fcategories&post=1370"},{"taxonomy":"post_tag","embeddable":true,"href":"http:\/\/cleverjagen.eu\/index.php?rest_route=%2Fwp%2Fv2%2Ftags&post=1370"}],"curies":[{"name":"wp","href":"https:\/\/api.w.org\/{rel}","templated":true}]}}